{"id":102,"date":"2025-10-02T15:25:22","date_gmt":"2025-10-02T15:25:22","guid":{"rendered":"https:\/\/higalysos.com\/?page_id=102"},"modified":"2025-10-06T11:20:43","modified_gmt":"2025-10-06T11:20:43","slug":"mision-vision-y-valores","status":"publish","type":"page","link":"https:\/\/higalysos.com\/?page_id=102","title":{"rendered":"MISI\u00d3N, VISI\u00d3N Y VALORES"},"content":{"rendered":"<div data-colibri-id=\"102-c1\" class=\"style-227 style-local-102-c1 position-relative\">\n  <!---->\n  <div data-colibri-component=\"section\" data-colibri-id=\"102-c2\" id=\"about\" class=\"h-section h-section-global-spacing d-flex align-items-lg-center align-items-md-center align-items-center style-228 style-local-102-c2 position-relative\">\n    <!---->\n    <!---->\n    <div class=\"h-section-grid-container h-section-boxed-container\">\n      <!---->\n      <div data-colibri-id=\"102-c3\" class=\"h-row-container gutters-row-lg-0 gutters-row-md-0 gutters-row-0 gutters-row-v-lg-0 gutters-row-v-md-0 gutters-row-v-0 style-229 style-local-102-c3 position-relative\">\n        <!---->\n        <div class=\"h-row justify-content-lg-center justify-content-md-center justify-content-center align-items-lg-stretch align-items-md-stretch align-items-stretch gutters-col-lg-0 gutters-col-md-0 gutters-col-0 gutters-col-v-lg-0 gutters-col-v-md-0 gutters-col-v-0\">\n          <!---->\n          <div class=\"h-column h-column-container d-flex h-col-lg-auto h-col-md-auto h-col-auto style-230-outer style-local-102-c4-outer\">\n            <div data-colibri-id=\"102-c4\" class=\"d-flex h-flex-basis h-column__inner h-ui-empty-state-container h-px-lg-0 h-px-md-0 h-px-0 v-inner-lg-0 v-inner-md-0 v-inner-0 style-230 style-local-102-c4 position-relative\">\n              <!---->\n              <!---->\n              <div class=\"w-100 h-y-container h-column__content h-column__v-align flex-basis-100\">\n                <!---->\n              <\/div>\n            <\/div>\n          <\/div>\n          <div class=\"h-column h-column-container d-flex h-col-lg-auto h-col-md-auto h-col-auto style-231-outer style-local-102-c5-outer\">\n            <div data-colibri-id=\"102-c5\" class=\"d-flex h-flex-basis h-column__inner h-px-lg-2 h-px-md-2 h-px-2 v-inner-lg-2 v-inner-md-2 v-inner-2 style-231 style-local-102-c5 position-relative\">\n              <!---->\n              <!---->\n              <div class=\"w-100 h-y-container h-column__content h-column__v-align flex-basis-100 align-self-lg-start align-self-md-start align-self-start\">\n                <!---->\n                <div data-colibri-id=\"102-c6\" class=\"h-global-transition-all h-heading style-232 style-local-102-c6 position-relative h-element\">\n                  <!---->\n                  <div class=\"h-heading__outer style-232 style-local-102-c6\">\n                    <!---->\n                    <!---->\n                    <h5 class=\"\">MISI\u00d3N Y VISI\u00d3N<\/h5>\n                  <\/div>\n                <\/div>\n                <div data-colibri-id=\"102-c7\" class=\"h-text h-text-component style-234 style-local-102-c7 position-relative h-element\">\n                  <!---->\n                  <!---->\n                  <div class=\"\">\n                    <p>Nuestra misi\u00f3n fundamental en la compa\u00f1\u00eda es desarrollar soluciones tecnol\u00f3gicas integrales e innovadoras que democraticen el acceso a una Gesti\u00f3n de Seguridad Alimentaria y Sostenibilidad de alto nivel.<\/p>\n                    <p>Liberamos a los negocios que forman parte del sector alimentario de la carga administrativa. Reducimos sus riesgos y les permitimos enfocarse en lo que realmente importa: ofrecer la mejor experiencia a sus clientes de forma segura\n                      y responsable.<\/p>\n                    <p>Nuestra visi\u00f3n de futuro es convertirnos en el aliado tecnol\u00f3gico de referencia a nivel global para el sector alimentario y hostelero, liderando la transformaci\u00f3n digital hacia un futuro donde la m\u00e1xima seguridad, la eficiencia operativa\n                      y la sostenibilidad sean el est\u00e1ndar en cada establecimiento.<\/p>\n                  <\/div>\n                <\/div>\n              <\/div>\n            <\/div>\n          <\/div>\n        <\/div>\n      <\/div>\n    <\/div>\n  <\/div>\n<\/div>","protected":false},"excerpt":{"rendered":"<p>MISI\u00d3N Y VISI\u00d3N Nuestra misi\u00f3n fundamental en la compa\u00f1\u00eda es desarrollar soluciones tecnol\u00f3gicas integrales e innovadoras que democraticen el acceso a una Gesti\u00f3n de Seguridad Alimentaria y Sostenibilidad de alto nivel. Liberamos a los negocios que forman parte del sector alimentario de la carga administrativa. Reducimos sus riesgos y les permitimos enfocarse en lo que [&hellip;]<\/p>\n","protected":false},"author":1,"featured_media":0,"parent":0,"menu_order":0,"comment_status":"closed","ping_status":"closed","template":"page-templates\/full-width-page.php","meta":{"footnotes":""},"class_list":["post-102","page","type-page","status-publish","hentry"],"yoast_head":"<!-- This site is optimized with the Yoast SEO plugin v27.5 - https:\/\/yoast.com\/product\/yoast-seo-wordpress\/ -->\n<title>MISI\u00d3N, VISI\u00d3N Y VALORES - Higalysos<\/title>\n<meta name=\"robots\" content=\"index, follow, max-snippet:-1, max-image-preview:large, max-video-preview:-1\" \/>\n<link rel=\"canonical\" href=\"https:\/\/higalysos.com\/?page_id=102\" \/>\n<meta property=\"og:locale\" content=\"es_ES\" \/>\n<meta property=\"og:type\" content=\"article\" \/>\n<meta property=\"og:title\" content=\"MISI\u00d3N, VISI\u00d3N Y VALORES - Higalysos\" \/>\n<meta property=\"og:description\" content=\"MISI\u00d3N Y VISI\u00d3N Nuestra misi\u00f3n fundamental en la compa\u00f1\u00eda es desarrollar soluciones tecnol\u00f3gicas integrales e innovadoras que democraticen el acceso a una Gesti\u00f3n de Seguridad Alimentaria y Sostenibilidad de alto nivel. Liberamos a los negocios que forman parte del sector alimentario de la carga administrativa. Reducimos sus riesgos y les permitimos enfocarse en lo que [&hellip;]\" \/>\n<meta property=\"og:url\" content=\"https:\/\/higalysos.com\/?page_id=102\" \/>\n<meta property=\"og:site_name\" content=\"Higalysos\" \/>\n<meta property=\"article:modified_time\" content=\"2025-10-06T11:20:43+00:00\" \/>\n<meta name=\"twitter:card\" content=\"summary_large_image\" \/>\n<meta name=\"twitter:label1\" content=\"Tiempo de lectura\" \/>\n\t<meta name=\"twitter:data1\" content=\"1 minuto\" \/>\n<script type=\"application\/ld+json\" class=\"yoast-schema-graph\">{\"@context\":\"https:\\\/\\\/schema.org\",\"@graph\":[{\"@type\":\"WebPage\",\"@id\":\"https:\\\/\\\/higalysos.com\\\/?page_id=102\",\"url\":\"https:\\\/\\\/higalysos.com\\\/?page_id=102\",\"name\":\"MISI\u00d3N, VISI\u00d3N Y VALORES - Higalysos\",\"isPartOf\":{\"@id\":\"https:\\\/\\\/higalysos.com\\\/#website\"},\"datePublished\":\"2025-10-02T15:25:22+00:00\",\"dateModified\":\"2025-10-06T11:20:43+00:00\",\"breadcrumb\":{\"@id\":\"https:\\\/\\\/higalysos.com\\\/?page_id=102#breadcrumb\"},\"inLanguage\":\"es\",\"potentialAction\":[{\"@type\":\"ReadAction\",\"target\":[\"https:\\\/\\\/higalysos.com\\\/?page_id=102\"]}]},{\"@type\":\"BreadcrumbList\",\"@id\":\"https:\\\/\\\/higalysos.com\\\/?page_id=102#breadcrumb\",\"itemListElement\":[{\"@type\":\"ListItem\",\"position\":1,\"name\":\"Portada\",\"item\":\"https:\\\/\\\/higalysos.com\\\/\"},{\"@type\":\"ListItem\",\"position\":2,\"name\":\"MISI\u00d3N, VISI\u00d3N Y VALORES\"}]},{\"@type\":\"WebSite\",\"@id\":\"https:\\\/\\\/higalysos.com\\\/#website\",\"url\":\"https:\\\/\\\/higalysos.com\\\/\",\"name\":\"Higalysos\",\"description\":\"Seguridad Alimentaria y Sostenibilidad\",\"publisher\":{\"@id\":\"https:\\\/\\\/higalysos.com\\\/#organization\"},\"potentialAction\":[{\"@type\":\"SearchAction\",\"target\":{\"@type\":\"EntryPoint\",\"urlTemplate\":\"https:\\\/\\\/higalysos.com\\\/?s={search_term_string}\"},\"query-input\":{\"@type\":\"PropertyValueSpecification\",\"valueRequired\":true,\"valueName\":\"search_term_string\"}}],\"inLanguage\":\"es\"},{\"@type\":\"Organization\",\"@id\":\"https:\\\/\\\/higalysos.com\\\/#organization\",\"name\":\"Higalysos\",\"url\":\"https:\\\/\\\/higalysos.com\\\/\",\"logo\":{\"@type\":\"ImageObject\",\"inLanguage\":\"es\",\"@id\":\"https:\\\/\\\/higalysos.com\\\/#\\\/schema\\\/logo\\\/image\\\/\",\"url\":\"https:\\\/\\\/higalysos.com\\\/wp-content\\\/uploads\\\/2025\\\/10\\\/LOGOTIPO-BLANCO.png\",\"contentUrl\":\"https:\\\/\\\/higalysos.com\\\/wp-content\\\/uploads\\\/2025\\\/10\\\/LOGOTIPO-BLANCO.png\",\"width\":1266,\"height\":572,\"caption\":\"Higalysos\"},\"image\":{\"@id\":\"https:\\\/\\\/higalysos.com\\\/#\\\/schema\\\/logo\\\/image\\\/\"}}]}<\/script>\n<!-- \/ Yoast SEO plugin. -->","yoast_head_json":{"title":"MISI\u00d3N, VISI\u00d3N Y VALORES - Higalysos","robots":{"index":"index","follow":"follow","max-snippet":"max-snippet:-1","max-image-preview":"max-image-preview:large","max-video-preview":"max-video-preview:-1"},"canonical":"https:\/\/higalysos.com\/?page_id=102","og_locale":"es_ES","og_type":"article","og_title":"MISI\u00d3N, VISI\u00d3N Y VALORES - Higalysos","og_description":"MISI\u00d3N Y VISI\u00d3N Nuestra misi\u00f3n fundamental en la compa\u00f1\u00eda es desarrollar soluciones tecnol\u00f3gicas integrales e innovadoras que democraticen el acceso a una Gesti\u00f3n de Seguridad Alimentaria y Sostenibilidad de alto nivel. Liberamos a los negocios que forman parte del sector alimentario de la carga administrativa. Reducimos sus riesgos y les permitimos enfocarse en lo que [&hellip;]","og_url":"https:\/\/higalysos.com\/?page_id=102","og_site_name":"Higalysos","article_modified_time":"2025-10-06T11:20:43+00:00","twitter_card":"summary_large_image","twitter_misc":{"Tiempo de lectura":"1 minuto"},"schema":{"@context":"https:\/\/schema.org","@graph":[{"@type":"WebPage","@id":"https:\/\/higalysos.com\/?page_id=102","url":"https:\/\/higalysos.com\/?page_id=102","name":"MISI\u00d3N, VISI\u00d3N Y VALORES - Higalysos","isPartOf":{"@id":"https:\/\/higalysos.com\/#website"},"datePublished":"2025-10-02T15:25:22+00:00","dateModified":"2025-10-06T11:20:43+00:00","breadcrumb":{"@id":"https:\/\/higalysos.com\/?page_id=102#breadcrumb"},"inLanguage":"es","potentialAction":[{"@type":"ReadAction","target":["https:\/\/higalysos.com\/?page_id=102"]}]},{"@type":"BreadcrumbList","@id":"https:\/\/higalysos.com\/?page_id=102#breadcrumb","itemListElement":[{"@type":"ListItem","position":1,"name":"Portada","item":"https:\/\/higalysos.com\/"},{"@type":"ListItem","position":2,"name":"MISI\u00d3N, VISI\u00d3N Y VALORES"}]},{"@type":"WebSite","@id":"https:\/\/higalysos.com\/#website","url":"https:\/\/higalysos.com\/","name":"Higalysos","description":"Seguridad Alimentaria y Sostenibilidad","publisher":{"@id":"https:\/\/higalysos.com\/#organization"},"potentialAction":[{"@type":"SearchAction","target":{"@type":"EntryPoint","urlTemplate":"https:\/\/higalysos.com\/?s={search_term_string}"},"query-input":{"@type":"PropertyValueSpecification","valueRequired":true,"valueName":"search_term_string"}}],"inLanguage":"es"},{"@type":"Organization","@id":"https:\/\/higalysos.com\/#organization","name":"Higalysos","url":"https:\/\/higalysos.com\/","logo":{"@type":"ImageObject","inLanguage":"es","@id":"https:\/\/higalysos.com\/#\/schema\/logo\/image\/","url":"https:\/\/higalysos.com\/wp-content\/uploads\/2025\/10\/LOGOTIPO-BLANCO.png","contentUrl":"https:\/\/higalysos.com\/wp-content\/uploads\/2025\/10\/LOGOTIPO-BLANCO.png","width":1266,"height":572,"caption":"Higalysos"},"image":{"@id":"https:\/\/higalysos.com\/#\/schema\/logo\/image\/"}}]}},"_links":{"self":[{"href":"https:\/\/higalysos.com\/index.php?rest_route=\/wp\/v2\/pages\/102","targetHints":{"allow":["GET"]}}],"collection":[{"href":"https:\/\/higalysos.com\/index.php?rest_route=\/wp\/v2\/pages"}],"about":[{"href":"https:\/\/higalysos.com\/index.php?rest_route=\/wp\/v2\/types\/page"}],"author":[{"embeddable":true,"href":"https:\/\/higalysos.com\/index.php?rest_route=\/wp\/v2\/users\/1"}],"replies":[{"embeddable":true,"href":"https:\/\/higalysos.com\/index.php?rest_route=%2Fwp%2Fv2%2Fcomments&post=102"}],"version-history":[{"count":4,"href":"https:\/\/higalysos.com\/index.php?rest_route=\/wp\/v2\/pages\/102\/revisions"}],"predecessor-version":[{"id":566,"href":"https:\/\/higalysos.com\/index.php?rest_route=\/wp\/v2\/pages\/102\/revisions\/566"}],"wp:attachment":[{"href":"https:\/\/higalysos.com\/index.php?rest_route=%2Fwp%2Fv2%2Fmedia&parent=102"}],"curies":[{"name":"wp","href":"https:\/\/api.w.org\/{rel}","templated":true}]}}