{"id":104,"date":"2025-10-02T15:25:22","date_gmt":"2025-10-02T15:25:22","guid":{"rendered":"https:\/\/higalysos.com\/?page_id=104"},"modified":"2025-10-06T11:26:40","modified_gmt":"2025-10-06T11:26:40","slug":"restaurante-bares-y-cafeterias","status":"publish","type":"page","link":"https:\/\/higalysos.com\/?page_id=104","title":{"rendered":"RESTAURANTE, BARES Y CAFETER\u00cdAS"},"content":{"rendered":"<div data-colibri-id=\"104-c1\" class=\"style-333 style-local-104-c1 position-relative\">\n  <!---->\n  <div data-colibri-component=\"section\" data-colibri-id=\"104-c2\" id=\"about\" class=\"h-section h-section-global-spacing d-flex align-items-lg-center align-items-md-center align-items-center style-334 style-local-104-c2 position-relative\">\n    <!---->\n    <!---->\n    <div class=\"h-section-grid-container h-section-boxed-container\">\n      <!---->\n      <div data-colibri-id=\"104-c3\" class=\"h-row-container gutters-row-lg-0 gutters-row-md-0 gutters-row-0 gutters-row-v-lg-0 gutters-row-v-md-0 gutters-row-v-0 style-335 style-local-104-c3 position-relative\">\n        <!---->\n        <div class=\"h-row justify-content-lg-center justify-content-md-center justify-content-center align-items-lg-stretch align-items-md-stretch align-items-stretch gutters-col-lg-0 gutters-col-md-0 gutters-col-0 gutters-col-v-lg-0 gutters-col-v-md-0 gutters-col-v-0\">\n          <!---->\n          <div class=\"h-column h-column-container d-flex h-col-lg-auto h-col-md-auto h-col-auto style-336-outer style-local-104-c4-outer\">\n            <div data-colibri-id=\"104-c4\" class=\"d-flex h-flex-basis h-column__inner h-px-lg-0 h-px-md-0 h-px-0 v-inner-lg-0 v-inner-md-0 v-inner-0 style-336 style-local-104-c4 position-relative\">\n              <!---->\n              <!---->\n              <div class=\"w-100 h-y-container h-column__content h-column__v-align flex-basis-100 align-self-lg-start align-self-md-start align-self-start\">\n                <!---->\n                <div data-colibri-id=\"104-c5\" class=\"h-global-transition-all h-heading style-337 style-local-104-c5 position-relative h-element\">\n                  <!---->\n                  <div class=\"h-heading__outer style-337 style-local-104-c5\">\n                    <!---->\n                    <!---->\n                    <h5 class=\"\">RESTAURANTES, BARES Y CAFETER\u00cdAS<\/h5>\n                  <\/div>\n                <\/div>\n                <div data-colibri-id=\"104-c6\" class=\"h-text h-text-component style-339 style-local-104-c6 position-relative h-element\">\n                  <!---->\n                  <!---->\n                  <div class=\"\">\n                    <p>En el d\u00eda a d\u00eda de restaurantes, bares y cafeter\u00edas, el mayor desaf\u00edo es mantener la calidad del servicio y la atenci\u00f3n al cliente mientras se cumplen las normas de higiene y seguridad alimentaria. La gran rotaci\u00f3n de productos, la\n                      necesidad de cambios constantes en la carta y la presi\u00f3n por ofrecer un servicio r\u00e1pido hacen que el tiempo para tareas administrativas sea muy limitado. Aqu\u00ed es donde HIGALYSOS aporta un valor diferencial, liberando tiempo y reduciendo\n                      riesgos.<\/p>\n                    <p><strong>Ventajas:<\/strong><\/p>\n                    <ul>\n                      <li>Cumplimiento normativo sanitario sin sobrecarga administrativa.<\/li>\n                      <li>Reducci\u00f3n de errores humanos en registros e inventario.<\/li>\n                      <li>Control autom\u00e1tico de stock, lotes y caducidades.<\/li>\n                      <li>Documentaci\u00f3n lista para inspecciones en segundos.<\/li>\n                      <li>Mayor confianza y fidelidad del cliente.<\/li>\n                    <\/ul>\n                    <p>\n                      <br>\n                    <\/p>\n                  <\/div>\n                <\/div>\n              <\/div>\n            <\/div>\n          <\/div>\n          <div class=\"h-column h-column-container d-flex h-col-lg-auto h-col-md-auto h-col-auto style-340-outer style-local-104-c7-outer\">\n            <div data-colibri-id=\"104-c7\" class=\"d-flex h-flex-basis h-column__inner h-ui-empty-state-container h-px-lg-2 h-px-md-2 h-px-2 v-inner-lg-2 v-inner-md-2 v-inner-2 style-340 style-local-104-c7 position-relative\">\n              <!---->\n              <!---->\n              <div class=\"w-100 h-y-container h-column__content h-column__v-align flex-basis-100\">\n                <!---->\n              <\/div>\n            <\/div>\n          <\/div>\n        <\/div>\n      <\/div>\n    <\/div>\n  <\/div>\n<\/div>","protected":false},"excerpt":{"rendered":"<p>RESTAURANTES, BARES Y CAFETER\u00cdAS En el d\u00eda a d\u00eda de restaurantes, bares y cafeter\u00edas, el mayor desaf\u00edo es mantener la calidad del servicio y la atenci\u00f3n al cliente mientras se cumplen las normas de higiene y seguridad alimentaria. La gran rotaci\u00f3n de productos, la necesidad de cambios constantes en la carta y la presi\u00f3n por [&hellip;]<\/p>\n","protected":false},"author":1,"featured_media":0,"parent":0,"menu_order":0,"comment_status":"closed","ping_status":"closed","template":"page-templates\/full-width-page.php","meta":{"footnotes":""},"class_list":["post-104","page","type-page","status-publish","hentry"],"yoast_head":"<!-- This site is optimized with the Yoast SEO plugin v27.5 - https:\/\/yoast.com\/product\/yoast-seo-wordpress\/ -->\n<title>RESTAURANTE, BARES Y CAFETER\u00cdAS - Higalysos<\/title>\n<meta name=\"robots\" content=\"index, follow, max-snippet:-1, max-image-preview:large, max-video-preview:-1\" \/>\n<link rel=\"canonical\" href=\"https:\/\/higalysos.com\/?page_id=104\" \/>\n<meta property=\"og:locale\" content=\"es_ES\" \/>\n<meta property=\"og:type\" content=\"article\" \/>\n<meta property=\"og:title\" content=\"RESTAURANTE, BARES Y CAFETER\u00cdAS - Higalysos\" \/>\n<meta property=\"og:description\" content=\"RESTAURANTES, BARES Y CAFETER\u00cdAS En el d\u00eda a d\u00eda de restaurantes, bares y cafeter\u00edas, el mayor desaf\u00edo es mantener la calidad del servicio y la atenci\u00f3n al cliente mientras se cumplen las normas de higiene y seguridad alimentaria. La gran rotaci\u00f3n de productos, la necesidad de cambios constantes en la carta y la presi\u00f3n por [&hellip;]\" \/>\n<meta property=\"og:url\" content=\"https:\/\/higalysos.com\/?page_id=104\" \/>\n<meta property=\"og:site_name\" content=\"Higalysos\" \/>\n<meta property=\"article:modified_time\" content=\"2025-10-06T11:26:40+00:00\" \/>\n<meta name=\"twitter:card\" content=\"summary_large_image\" \/>\n<meta name=\"twitter:label1\" content=\"Tiempo de lectura\" \/>\n\t<meta name=\"twitter:data1\" content=\"1 minuto\" \/>\n<script type=\"application\/ld+json\" class=\"yoast-schema-graph\">{\"@context\":\"https:\\\/\\\/schema.org\",\"@graph\":[{\"@type\":\"WebPage\",\"@id\":\"https:\\\/\\\/higalysos.com\\\/?page_id=104\",\"url\":\"https:\\\/\\\/higalysos.com\\\/?page_id=104\",\"name\":\"RESTAURANTE, BARES Y CAFETER\u00cdAS - Higalysos\",\"isPartOf\":{\"@id\":\"https:\\\/\\\/higalysos.com\\\/#website\"},\"datePublished\":\"2025-10-02T15:25:22+00:00\",\"dateModified\":\"2025-10-06T11:26:40+00:00\",\"breadcrumb\":{\"@id\":\"https:\\\/\\\/higalysos.com\\\/?page_id=104#breadcrumb\"},\"inLanguage\":\"es\",\"potentialAction\":[{\"@type\":\"ReadAction\",\"target\":[\"https:\\\/\\\/higalysos.com\\\/?page_id=104\"]}]},{\"@type\":\"BreadcrumbList\",\"@id\":\"https:\\\/\\\/higalysos.com\\\/?page_id=104#breadcrumb\",\"itemListElement\":[{\"@type\":\"ListItem\",\"position\":1,\"name\":\"Portada\",\"item\":\"https:\\\/\\\/higalysos.com\\\/\"},{\"@type\":\"ListItem\",\"position\":2,\"name\":\"RESTAURANTE, BARES Y CAFETER\u00cdAS\"}]},{\"@type\":\"WebSite\",\"@id\":\"https:\\\/\\\/higalysos.com\\\/#website\",\"url\":\"https:\\\/\\\/higalysos.com\\\/\",\"name\":\"Higalysos\",\"description\":\"Seguridad Alimentaria y Sostenibilidad\",\"publisher\":{\"@id\":\"https:\\\/\\\/higalysos.com\\\/#organization\"},\"potentialAction\":[{\"@type\":\"SearchAction\",\"target\":{\"@type\":\"EntryPoint\",\"urlTemplate\":\"https:\\\/\\\/higalysos.com\\\/?s={search_term_string}\"},\"query-input\":{\"@type\":\"PropertyValueSpecification\",\"valueRequired\":true,\"valueName\":\"search_term_string\"}}],\"inLanguage\":\"es\"},{\"@type\":\"Organization\",\"@id\":\"https:\\\/\\\/higalysos.com\\\/#organization\",\"name\":\"Higalysos\",\"url\":\"https:\\\/\\\/higalysos.com\\\/\",\"logo\":{\"@type\":\"ImageObject\",\"inLanguage\":\"es\",\"@id\":\"https:\\\/\\\/higalysos.com\\\/#\\\/schema\\\/logo\\\/image\\\/\",\"url\":\"https:\\\/\\\/higalysos.com\\\/wp-content\\\/uploads\\\/2025\\\/10\\\/LOGOTIPO-BLANCO.png\",\"contentUrl\":\"https:\\\/\\\/higalysos.com\\\/wp-content\\\/uploads\\\/2025\\\/10\\\/LOGOTIPO-BLANCO.png\",\"width\":1266,\"height\":572,\"caption\":\"Higalysos\"},\"image\":{\"@id\":\"https:\\\/\\\/higalysos.com\\\/#\\\/schema\\\/logo\\\/image\\\/\"}}]}<\/script>\n<!-- \/ Yoast SEO plugin. -->","yoast_head_json":{"title":"RESTAURANTE, BARES Y CAFETER\u00cdAS - Higalysos","robots":{"index":"index","follow":"follow","max-snippet":"max-snippet:-1","max-image-preview":"max-image-preview:large","max-video-preview":"max-video-preview:-1"},"canonical":"https:\/\/higalysos.com\/?page_id=104","og_locale":"es_ES","og_type":"article","og_title":"RESTAURANTE, BARES Y CAFETER\u00cdAS - Higalysos","og_description":"RESTAURANTES, BARES Y CAFETER\u00cdAS En el d\u00eda a d\u00eda de restaurantes, bares y cafeter\u00edas, el mayor desaf\u00edo es mantener la calidad del servicio y la atenci\u00f3n al cliente mientras se cumplen las normas de higiene y seguridad alimentaria. La gran rotaci\u00f3n de productos, la necesidad de cambios constantes en la carta y la presi\u00f3n por [&hellip;]","og_url":"https:\/\/higalysos.com\/?page_id=104","og_site_name":"Higalysos","article_modified_time":"2025-10-06T11:26:40+00:00","twitter_card":"summary_large_image","twitter_misc":{"Tiempo de lectura":"1 minuto"},"schema":{"@context":"https:\/\/schema.org","@graph":[{"@type":"WebPage","@id":"https:\/\/higalysos.com\/?page_id=104","url":"https:\/\/higalysos.com\/?page_id=104","name":"RESTAURANTE, BARES Y CAFETER\u00cdAS - Higalysos","isPartOf":{"@id":"https:\/\/higalysos.com\/#website"},"datePublished":"2025-10-02T15:25:22+00:00","dateModified":"2025-10-06T11:26:40+00:00","breadcrumb":{"@id":"https:\/\/higalysos.com\/?page_id=104#breadcrumb"},"inLanguage":"es","potentialAction":[{"@type":"ReadAction","target":["https:\/\/higalysos.com\/?page_id=104"]}]},{"@type":"BreadcrumbList","@id":"https:\/\/higalysos.com\/?page_id=104#breadcrumb","itemListElement":[{"@type":"ListItem","position":1,"name":"Portada","item":"https:\/\/higalysos.com\/"},{"@type":"ListItem","position":2,"name":"RESTAURANTE, BARES Y CAFETER\u00cdAS"}]},{"@type":"WebSite","@id":"https:\/\/higalysos.com\/#website","url":"https:\/\/higalysos.com\/","name":"Higalysos","description":"Seguridad Alimentaria y Sostenibilidad","publisher":{"@id":"https:\/\/higalysos.com\/#organization"},"potentialAction":[{"@type":"SearchAction","target":{"@type":"EntryPoint","urlTemplate":"https:\/\/higalysos.com\/?s={search_term_string}"},"query-input":{"@type":"PropertyValueSpecification","valueRequired":true,"valueName":"search_term_string"}}],"inLanguage":"es"},{"@type":"Organization","@id":"https:\/\/higalysos.com\/#organization","name":"Higalysos","url":"https:\/\/higalysos.com\/","logo":{"@type":"ImageObject","inLanguage":"es","@id":"https:\/\/higalysos.com\/#\/schema\/logo\/image\/","url":"https:\/\/higalysos.com\/wp-content\/uploads\/2025\/10\/LOGOTIPO-BLANCO.png","contentUrl":"https:\/\/higalysos.com\/wp-content\/uploads\/2025\/10\/LOGOTIPO-BLANCO.png","width":1266,"height":572,"caption":"Higalysos"},"image":{"@id":"https:\/\/higalysos.com\/#\/schema\/logo\/image\/"}}]}},"_links":{"self":[{"href":"https:\/\/higalysos.com\/index.php?rest_route=\/wp\/v2\/pages\/104","targetHints":{"allow":["GET"]}}],"collection":[{"href":"https:\/\/higalysos.com\/index.php?rest_route=\/wp\/v2\/pages"}],"about":[{"href":"https:\/\/higalysos.com\/index.php?rest_route=\/wp\/v2\/types\/page"}],"author":[{"embeddable":true,"href":"https:\/\/higalysos.com\/index.php?rest_route=\/wp\/v2\/users\/1"}],"replies":[{"embeddable":true,"href":"https:\/\/higalysos.com\/index.php?rest_route=%2Fwp%2Fv2%2Fcomments&post=104"}],"version-history":[{"count":4,"href":"https:\/\/higalysos.com\/index.php?rest_route=\/wp\/v2\/pages\/104\/revisions"}],"predecessor-version":[{"id":602,"href":"https:\/\/higalysos.com\/index.php?rest_route=\/wp\/v2\/pages\/104\/revisions\/602"}],"wp:attachment":[{"href":"https:\/\/higalysos.com\/index.php?rest_route=%2Fwp%2Fv2%2Fmedia&parent=104"}],"curies":[{"name":"wp","href":"https:\/\/api.w.org\/{rel}","templated":true}]}}