{"id":105,"date":"2025-10-02T15:25:22","date_gmt":"2025-10-02T15:25:22","guid":{"rendered":"https:\/\/higalysos.com\/?page_id=105"},"modified":"2025-10-03T16:22:51","modified_gmt":"2025-10-03T16:22:51","slug":"hoteles-y-cadenas-de-restauracion","status":"publish","type":"page","link":"https:\/\/higalysos.com\/?page_id=105","title":{"rendered":"HOTELES Y CADENAS DE RESTAURACI\u00d3N"},"content":{"rendered":"<div data-colibri-id=\"105-c1\" class=\"style-341 style-local-105-c1 position-relative\">\n  <!---->\n  <div data-colibri-component=\"section\" data-colibri-id=\"105-c2\" id=\"about\" class=\"h-section h-section-global-spacing d-flex align-items-lg-center align-items-md-center align-items-center style-342 style-local-105-c2 position-relative\">\n    <!---->\n    <!---->\n    <div class=\"h-section-grid-container h-section-boxed-container\">\n      <!---->\n      <div data-colibri-id=\"105-c3\" class=\"h-row-container gutters-row-lg-0 gutters-row-md-0 gutters-row-0 gutters-row-v-lg-0 gutters-row-v-md-0 gutters-row-v-0 style-343 style-local-105-c3 position-relative\">\n        <!---->\n        <div class=\"h-row justify-content-lg-center justify-content-md-center justify-content-center align-items-lg-stretch align-items-md-stretch align-items-stretch gutters-col-lg-0 gutters-col-md-0 gutters-col-0 gutters-col-v-lg-0 gutters-col-v-md-0 gutters-col-v-0\">\n          <!---->\n          <div class=\"h-column h-column-container d-flex h-col-lg-auto h-col-md-auto h-col-auto style-344-outer style-local-105-c4-outer\">\n            <div data-colibri-id=\"105-c4\" class=\"d-flex h-flex-basis h-column__inner h-ui-empty-state-container h-px-lg-0 h-px-md-0 h-px-0 v-inner-lg-0 v-inner-md-0 v-inner-0 style-344 style-local-105-c4 position-relative\">\n              <!---->\n              <!---->\n              <div class=\"w-100 h-y-container h-column__content h-column__v-align flex-basis-100\">\n                <!---->\n              <\/div>\n            <\/div>\n          <\/div>\n          <div class=\"h-column h-column-container d-flex h-col-lg-auto h-col-md-auto h-col-auto style-345-outer style-local-105-c5-outer\">\n            <div data-colibri-id=\"105-c5\" class=\"d-flex h-flex-basis h-column__inner h-px-lg-2 h-px-md-2 h-px-2 v-inner-lg-2 v-inner-md-2 v-inner-2 style-345 style-local-105-c5 position-relative\">\n              <!---->\n              <!---->\n              <div class=\"w-100 h-y-container h-column__content h-column__v-align flex-basis-100 align-self-lg-start align-self-md-start align-self-start\">\n                <!---->\n                <div data-colibri-id=\"105-c6\" class=\"h-global-transition-all h-heading style-346 style-local-105-c6 position-relative h-element\">\n                  <!---->\n                  <div class=\"h-heading__outer style-346 style-local-105-c6\">\n                    <!---->\n                    <!---->\n                    <h5 class=\"\">HOTELES Y CADENAS DE RESTAURACI\u00d3N<\/h5>\n                  <\/div>\n                <\/div>\n                <div data-colibri-id=\"105-c8\" class=\"h-text h-text-component style-348 style-local-105-c8 position-relative h-element\">\n                  <!---->\n                  <!---->\n                  <div class=\"\">\n                    <p>En hoteles y grandes cadenas de restauraci\u00f3n, el reto no es solo cumplir con la normativa en una cocina, sino <strong>garantizar que todos los establecimientos sigan los mismos protocolos de higiene y sostenibilidad<\/strong>. La falta\n                      de estandarizaci\u00f3n puede derivar en sanciones, p\u00e9rdida de reputaci\u00f3n o inconsistencias en la calidad percibida por los clientes. HIGALYSOS permite un control centralizado y en tiempo real de todos los procesos, generando seguridad\n                      y homogeneidad en cada punto de servicio.<\/p>\n                    <p><strong>Ventajas:<\/strong><\/p>\n                    <ul>\n                      <li>Protocolos unificados en m\u00faltiples centros y cocinas.<\/li>\n                      <li>Dashboard central con supervisi\u00f3n global en tiempo real.<\/li>\n                      <li>Automatizaci\u00f3n de tareas recurrentes (limpieza, controles, registros).<\/li>\n                      <li>Menor riesgo de sanciones y reclamaciones legales.<\/li>\n                      <li>Transparencia y trazabilidad para auditor\u00edas y control de calidad.<\/li>\n                    <\/ul>\n                    <p>\n                      <br>\n                    <\/p>\n                  <\/div>\n                <\/div>\n              <\/div>\n            <\/div>\n          <\/div>\n        <\/div>\n      <\/div>\n    <\/div>\n  <\/div>\n<\/div>","protected":false},"excerpt":{"rendered":"<p>HOTELES Y CADENAS DE RESTAURACI\u00d3N En hoteles y grandes cadenas de restauraci\u00f3n, el reto no es solo cumplir con la normativa en una cocina, sino garantizar que todos los establecimientos sigan los mismos protocolos de higiene y sostenibilidad. La falta de estandarizaci\u00f3n puede derivar en sanciones, p\u00e9rdida de reputaci\u00f3n o inconsistencias en la calidad percibida [&hellip;]<\/p>\n","protected":false},"author":1,"featured_media":0,"parent":0,"menu_order":0,"comment_status":"closed","ping_status":"closed","template":"page-templates\/full-width-page.php","meta":{"footnotes":""},"class_list":["post-105","page","type-page","status-publish","hentry"],"yoast_head":"<!-- This site is optimized with the Yoast SEO plugin v27.5 - https:\/\/yoast.com\/product\/yoast-seo-wordpress\/ -->\n<title>HOTELES Y CADENAS DE RESTAURACI\u00d3N - Higalysos<\/title>\n<meta name=\"robots\" content=\"index, follow, max-snippet:-1, max-image-preview:large, max-video-preview:-1\" \/>\n<link rel=\"canonical\" href=\"https:\/\/higalysos.com\/?page_id=105\" \/>\n<meta property=\"og:locale\" content=\"es_ES\" \/>\n<meta property=\"og:type\" content=\"article\" \/>\n<meta property=\"og:title\" content=\"HOTELES Y CADENAS DE RESTAURACI\u00d3N - Higalysos\" \/>\n<meta property=\"og:description\" content=\"HOTELES Y CADENAS DE RESTAURACI\u00d3N En hoteles y grandes cadenas de restauraci\u00f3n, el reto no es solo cumplir con la normativa en una cocina, sino garantizar que todos los establecimientos sigan los mismos protocolos de higiene y sostenibilidad. La falta de estandarizaci\u00f3n puede derivar en sanciones, p\u00e9rdida de reputaci\u00f3n o inconsistencias en la calidad percibida [&hellip;]\" \/>\n<meta property=\"og:url\" content=\"https:\/\/higalysos.com\/?page_id=105\" \/>\n<meta property=\"og:site_name\" content=\"Higalysos\" \/>\n<meta property=\"article:modified_time\" content=\"2025-10-03T16:22:51+00:00\" \/>\n<meta name=\"twitter:card\" content=\"summary_large_image\" \/>\n<meta name=\"twitter:label1\" content=\"Tiempo de lectura\" \/>\n\t<meta name=\"twitter:data1\" content=\"1 minuto\" \/>\n<script type=\"application\/ld+json\" class=\"yoast-schema-graph\">{\"@context\":\"https:\\\/\\\/schema.org\",\"@graph\":[{\"@type\":\"WebPage\",\"@id\":\"https:\\\/\\\/higalysos.com\\\/?page_id=105\",\"url\":\"https:\\\/\\\/higalysos.com\\\/?page_id=105\",\"name\":\"HOTELES Y CADENAS DE RESTAURACI\u00d3N - Higalysos\",\"isPartOf\":{\"@id\":\"https:\\\/\\\/higalysos.com\\\/#website\"},\"datePublished\":\"2025-10-02T15:25:22+00:00\",\"dateModified\":\"2025-10-03T16:22:51+00:00\",\"breadcrumb\":{\"@id\":\"https:\\\/\\\/higalysos.com\\\/?page_id=105#breadcrumb\"},\"inLanguage\":\"es\",\"potentialAction\":[{\"@type\":\"ReadAction\",\"target\":[\"https:\\\/\\\/higalysos.com\\\/?page_id=105\"]}]},{\"@type\":\"BreadcrumbList\",\"@id\":\"https:\\\/\\\/higalysos.com\\\/?page_id=105#breadcrumb\",\"itemListElement\":[{\"@type\":\"ListItem\",\"position\":1,\"name\":\"Portada\",\"item\":\"https:\\\/\\\/higalysos.com\\\/\"},{\"@type\":\"ListItem\",\"position\":2,\"name\":\"HOTELES Y CADENAS DE RESTAURACI\u00d3N\"}]},{\"@type\":\"WebSite\",\"@id\":\"https:\\\/\\\/higalysos.com\\\/#website\",\"url\":\"https:\\\/\\\/higalysos.com\\\/\",\"name\":\"Higalysos\",\"description\":\"Seguridad Alimentaria y Sostenibilidad\",\"publisher\":{\"@id\":\"https:\\\/\\\/higalysos.com\\\/#organization\"},\"potentialAction\":[{\"@type\":\"SearchAction\",\"target\":{\"@type\":\"EntryPoint\",\"urlTemplate\":\"https:\\\/\\\/higalysos.com\\\/?s={search_term_string}\"},\"query-input\":{\"@type\":\"PropertyValueSpecification\",\"valueRequired\":true,\"valueName\":\"search_term_string\"}}],\"inLanguage\":\"es\"},{\"@type\":\"Organization\",\"@id\":\"https:\\\/\\\/higalysos.com\\\/#organization\",\"name\":\"Higalysos\",\"url\":\"https:\\\/\\\/higalysos.com\\\/\",\"logo\":{\"@type\":\"ImageObject\",\"inLanguage\":\"es\",\"@id\":\"https:\\\/\\\/higalysos.com\\\/#\\\/schema\\\/logo\\\/image\\\/\",\"url\":\"https:\\\/\\\/higalysos.com\\\/wp-content\\\/uploads\\\/2025\\\/10\\\/LOGOTIPO-BLANCO.png\",\"contentUrl\":\"https:\\\/\\\/higalysos.com\\\/wp-content\\\/uploads\\\/2025\\\/10\\\/LOGOTIPO-BLANCO.png\",\"width\":1266,\"height\":572,\"caption\":\"Higalysos\"},\"image\":{\"@id\":\"https:\\\/\\\/higalysos.com\\\/#\\\/schema\\\/logo\\\/image\\\/\"}}]}<\/script>\n<!-- \/ Yoast SEO plugin. -->","yoast_head_json":{"title":"HOTELES Y CADENAS DE RESTAURACI\u00d3N - Higalysos","robots":{"index":"index","follow":"follow","max-snippet":"max-snippet:-1","max-image-preview":"max-image-preview:large","max-video-preview":"max-video-preview:-1"},"canonical":"https:\/\/higalysos.com\/?page_id=105","og_locale":"es_ES","og_type":"article","og_title":"HOTELES Y CADENAS DE RESTAURACI\u00d3N - Higalysos","og_description":"HOTELES Y CADENAS DE RESTAURACI\u00d3N En hoteles y grandes cadenas de restauraci\u00f3n, el reto no es solo cumplir con la normativa en una cocina, sino garantizar que todos los establecimientos sigan los mismos protocolos de higiene y sostenibilidad. La falta de estandarizaci\u00f3n puede derivar en sanciones, p\u00e9rdida de reputaci\u00f3n o inconsistencias en la calidad percibida [&hellip;]","og_url":"https:\/\/higalysos.com\/?page_id=105","og_site_name":"Higalysos","article_modified_time":"2025-10-03T16:22:51+00:00","twitter_card":"summary_large_image","twitter_misc":{"Tiempo de lectura":"1 minuto"},"schema":{"@context":"https:\/\/schema.org","@graph":[{"@type":"WebPage","@id":"https:\/\/higalysos.com\/?page_id=105","url":"https:\/\/higalysos.com\/?page_id=105","name":"HOTELES Y CADENAS DE RESTAURACI\u00d3N - Higalysos","isPartOf":{"@id":"https:\/\/higalysos.com\/#website"},"datePublished":"2025-10-02T15:25:22+00:00","dateModified":"2025-10-03T16:22:51+00:00","breadcrumb":{"@id":"https:\/\/higalysos.com\/?page_id=105#breadcrumb"},"inLanguage":"es","potentialAction":[{"@type":"ReadAction","target":["https:\/\/higalysos.com\/?page_id=105"]}]},{"@type":"BreadcrumbList","@id":"https:\/\/higalysos.com\/?page_id=105#breadcrumb","itemListElement":[{"@type":"ListItem","position":1,"name":"Portada","item":"https:\/\/higalysos.com\/"},{"@type":"ListItem","position":2,"name":"HOTELES Y CADENAS DE RESTAURACI\u00d3N"}]},{"@type":"WebSite","@id":"https:\/\/higalysos.com\/#website","url":"https:\/\/higalysos.com\/","name":"Higalysos","description":"Seguridad Alimentaria y Sostenibilidad","publisher":{"@id":"https:\/\/higalysos.com\/#organization"},"potentialAction":[{"@type":"SearchAction","target":{"@type":"EntryPoint","urlTemplate":"https:\/\/higalysos.com\/?s={search_term_string}"},"query-input":{"@type":"PropertyValueSpecification","valueRequired":true,"valueName":"search_term_string"}}],"inLanguage":"es"},{"@type":"Organization","@id":"https:\/\/higalysos.com\/#organization","name":"Higalysos","url":"https:\/\/higalysos.com\/","logo":{"@type":"ImageObject","inLanguage":"es","@id":"https:\/\/higalysos.com\/#\/schema\/logo\/image\/","url":"https:\/\/higalysos.com\/wp-content\/uploads\/2025\/10\/LOGOTIPO-BLANCO.png","contentUrl":"https:\/\/higalysos.com\/wp-content\/uploads\/2025\/10\/LOGOTIPO-BLANCO.png","width":1266,"height":572,"caption":"Higalysos"},"image":{"@id":"https:\/\/higalysos.com\/#\/schema\/logo\/image\/"}}]}},"_links":{"self":[{"href":"https:\/\/higalysos.com\/index.php?rest_route=\/wp\/v2\/pages\/105","targetHints":{"allow":["GET"]}}],"collection":[{"href":"https:\/\/higalysos.com\/index.php?rest_route=\/wp\/v2\/pages"}],"about":[{"href":"https:\/\/higalysos.com\/index.php?rest_route=\/wp\/v2\/types\/page"}],"author":[{"embeddable":true,"href":"https:\/\/higalysos.com\/index.php?rest_route=\/wp\/v2\/users\/1"}],"replies":[{"embeddable":true,"href":"https:\/\/higalysos.com\/index.php?rest_route=%2Fwp%2Fv2%2Fcomments&post=105"}],"version-history":[{"count":3,"href":"https:\/\/higalysos.com\/index.php?rest_route=\/wp\/v2\/pages\/105\/revisions"}],"predecessor-version":[{"id":407,"href":"https:\/\/higalysos.com\/index.php?rest_route=\/wp\/v2\/pages\/105\/revisions\/407"}],"wp:attachment":[{"href":"https:\/\/higalysos.com\/index.php?rest_route=%2Fwp%2Fv2%2Fmedia&parent=105"}],"curies":[{"name":"wp","href":"https:\/\/api.w.org\/{rel}","templated":true}]}}