{"id":109,"date":"2025-10-02T15:25:22","date_gmt":"2025-10-02T15:25:22","guid":{"rendered":"https:\/\/higalysos.com\/?page_id=109"},"modified":"2025-10-03T16:47:34","modified_gmt":"2025-10-03T16:47:34","slug":"industria-alimentaria","status":"publish","type":"page","link":"https:\/\/higalysos.com\/?page_id=109","title":{"rendered":"INDUSTRIA ALIMENTARIA"},"content":{"rendered":"<div data-colibri-id=\"109-c1\" class=\"style-373 style-local-109-c1 position-relative\">\n  <!---->\n  <div data-colibri-component=\"section\" data-colibri-id=\"109-c2\" id=\"about\" class=\"h-section h-section-global-spacing d-flex align-items-lg-center align-items-md-center align-items-center style-374 style-local-109-c2 position-relative\">\n    <!---->\n    <!---->\n    <div class=\"h-section-grid-container h-section-boxed-container\">\n      <!---->\n      <div data-colibri-id=\"109-c3\" class=\"h-row-container gutters-row-lg-0 gutters-row-md-0 gutters-row-0 gutters-row-v-lg-0 gutters-row-v-md-0 gutters-row-v-0 style-375 style-local-109-c3 position-relative\">\n        <!---->\n        <div class=\"h-row justify-content-lg-center justify-content-md-center justify-content-center align-items-lg-stretch align-items-md-stretch align-items-stretch gutters-col-lg-0 gutters-col-md-0 gutters-col-0 gutters-col-v-lg-0 gutters-col-v-md-0 gutters-col-v-0\">\n          <!---->\n          <div class=\"h-column h-column-container d-flex h-col-lg-auto h-col-md-auto h-col-auto style-376-outer style-local-109-c4-outer\">\n            <div data-colibri-id=\"109-c4\" class=\"d-flex h-flex-basis h-column__inner h-px-lg-0 h-px-md-0 h-px-0 v-inner-lg-0 v-inner-md-0 v-inner-0 style-376 style-local-109-c4 position-relative\">\n              <!---->\n              <!---->\n              <div class=\"w-100 h-y-container h-column__content h-column__v-align flex-basis-100 align-self-lg-start align-self-md-start align-self-start\">\n                <!---->\n                <div data-colibri-id=\"109-c5\" class=\"h-global-transition-all h-heading style-377 style-local-109-c5 position-relative h-element\">\n                  <!---->\n                  <div class=\"h-heading__outer style-377 style-local-109-c5\">\n                    <!---->\n                    <!---->\n                    <h5 class=\"\">INDUSTRIA ALIMENTARIA<\/h5>\n                  <\/div>\n                <\/div>\n                <div data-colibri-id=\"109-c7\" class=\"h-text h-text-component style-379 style-local-109-c7 position-relative h-element\">\n                  <!---->\n                  <!---->\n                  <div class=\"\">\n                    <p>En la industria alimentaria, los procesos son complejos y est\u00e1n sometidos a un alto nivel de exigencia normativa, tanto en el mercado local como internacional. Desde el control de materias primas hasta el envasado y la distribuci\u00f3n,\n                      es imprescindible contar con sistemas que aseguren la trazabilidad completa y eliminen errores humanos en puntos cr\u00edticos. HIGALYSOS ofrece la combinaci\u00f3n de IA, IoT y procesos inteligentes para garantizar la m\u00e1xima seguridad, calidad\n                      y eficiencia en toda la cadena productiva.<\/p>\n                    <p><strong>Ventajas:<\/strong><\/p>\n                    <ul>\n                      <li>Trazabilidad integral de principio a fin (desde materia prima hasta envasado).<\/li>\n                      <li>Reducci\u00f3n de errores en par\u00e1metros cr\u00edticos (temperatura, lotes, caducidad).<\/li>\n                      <li>Seguridad reforzada en procesos de alto riesgo sanitario.<\/li>\n                      <li>Facilita el cumplimiento de auditor\u00edas y normativas de exportaci\u00f3n.<\/li>\n                      <li>Supervisi\u00f3n en tiempo real mediante IoT y digitalizaci\u00f3n de procesos.<\/li>\n                      <li>Confianza total para clientes, distribuidores y organismos reguladores.<\/li>\n                    <\/ul>\n                  <\/div>\n                <\/div>\n              <\/div>\n            <\/div>\n          <\/div>\n          <div class=\"h-column h-column-container d-flex h-col-lg-auto h-col-md-auto h-col-auto style-380-outer style-local-109-c8-outer\">\n            <div data-colibri-id=\"109-c8\" class=\"d-flex h-flex-basis h-column__inner h-ui-empty-state-container h-px-lg-2 h-px-md-2 h-px-2 v-inner-lg-2 v-inner-md-2 v-inner-2 style-380 style-local-109-c8 position-relative\">\n              <!---->\n              <!---->\n              <div class=\"w-100 h-y-container h-column__content h-column__v-align flex-basis-100\">\n                <!---->\n              <\/div>\n            <\/div>\n          <\/div>\n        <\/div>\n      <\/div>\n    <\/div>\n  <\/div>\n<\/div>","protected":false},"excerpt":{"rendered":"<p>INDUSTRIA ALIMENTARIA En la industria alimentaria, los procesos son complejos y est\u00e1n sometidos a un alto nivel de exigencia normativa, tanto en el mercado local como internacional. Desde el control de materias primas hasta el envasado y la distribuci\u00f3n, es imprescindible contar con sistemas que aseguren la trazabilidad completa y eliminen errores humanos en puntos [&hellip;]<\/p>\n","protected":false},"author":1,"featured_media":0,"parent":0,"menu_order":0,"comment_status":"closed","ping_status":"closed","template":"page-templates\/full-width-page.php","meta":{"footnotes":""},"class_list":["post-109","page","type-page","status-publish","hentry"],"yoast_head":"<!-- This site is optimized with the Yoast SEO plugin v27.5 - https:\/\/yoast.com\/product\/yoast-seo-wordpress\/ -->\n<title>INDUSTRIA ALIMENTARIA - Higalysos<\/title>\n<meta name=\"robots\" content=\"index, follow, max-snippet:-1, max-image-preview:large, max-video-preview:-1\" \/>\n<link rel=\"canonical\" href=\"https:\/\/higalysos.com\/?page_id=109\" \/>\n<meta property=\"og:locale\" content=\"es_ES\" \/>\n<meta property=\"og:type\" content=\"article\" \/>\n<meta property=\"og:title\" content=\"INDUSTRIA ALIMENTARIA - Higalysos\" \/>\n<meta property=\"og:description\" content=\"INDUSTRIA ALIMENTARIA En la industria alimentaria, los procesos son complejos y est\u00e1n sometidos a un alto nivel de exigencia normativa, tanto en el mercado local como internacional. Desde el control de materias primas hasta el envasado y la distribuci\u00f3n, es imprescindible contar con sistemas que aseguren la trazabilidad completa y eliminen errores humanos en puntos [&hellip;]\" \/>\n<meta property=\"og:url\" content=\"https:\/\/higalysos.com\/?page_id=109\" \/>\n<meta property=\"og:site_name\" content=\"Higalysos\" \/>\n<meta property=\"article:modified_time\" content=\"2025-10-03T16:47:34+00:00\" \/>\n<meta name=\"twitter:card\" content=\"summary_large_image\" \/>\n<meta name=\"twitter:label1\" content=\"Tiempo de lectura\" \/>\n\t<meta name=\"twitter:data1\" content=\"1 minuto\" \/>\n<script type=\"application\/ld+json\" class=\"yoast-schema-graph\">{\"@context\":\"https:\\\/\\\/schema.org\",\"@graph\":[{\"@type\":\"WebPage\",\"@id\":\"https:\\\/\\\/higalysos.com\\\/?page_id=109\",\"url\":\"https:\\\/\\\/higalysos.com\\\/?page_id=109\",\"name\":\"INDUSTRIA ALIMENTARIA - Higalysos\",\"isPartOf\":{\"@id\":\"https:\\\/\\\/higalysos.com\\\/#website\"},\"datePublished\":\"2025-10-02T15:25:22+00:00\",\"dateModified\":\"2025-10-03T16:47:34+00:00\",\"breadcrumb\":{\"@id\":\"https:\\\/\\\/higalysos.com\\\/?page_id=109#breadcrumb\"},\"inLanguage\":\"es\",\"potentialAction\":[{\"@type\":\"ReadAction\",\"target\":[\"https:\\\/\\\/higalysos.com\\\/?page_id=109\"]}]},{\"@type\":\"BreadcrumbList\",\"@id\":\"https:\\\/\\\/higalysos.com\\\/?page_id=109#breadcrumb\",\"itemListElement\":[{\"@type\":\"ListItem\",\"position\":1,\"name\":\"Portada\",\"item\":\"https:\\\/\\\/higalysos.com\\\/\"},{\"@type\":\"ListItem\",\"position\":2,\"name\":\"INDUSTRIA ALIMENTARIA\"}]},{\"@type\":\"WebSite\",\"@id\":\"https:\\\/\\\/higalysos.com\\\/#website\",\"url\":\"https:\\\/\\\/higalysos.com\\\/\",\"name\":\"Higalysos\",\"description\":\"Seguridad Alimentaria y Sostenibilidad\",\"publisher\":{\"@id\":\"https:\\\/\\\/higalysos.com\\\/#organization\"},\"potentialAction\":[{\"@type\":\"SearchAction\",\"target\":{\"@type\":\"EntryPoint\",\"urlTemplate\":\"https:\\\/\\\/higalysos.com\\\/?s={search_term_string}\"},\"query-input\":{\"@type\":\"PropertyValueSpecification\",\"valueRequired\":true,\"valueName\":\"search_term_string\"}}],\"inLanguage\":\"es\"},{\"@type\":\"Organization\",\"@id\":\"https:\\\/\\\/higalysos.com\\\/#organization\",\"name\":\"Higalysos\",\"url\":\"https:\\\/\\\/higalysos.com\\\/\",\"logo\":{\"@type\":\"ImageObject\",\"inLanguage\":\"es\",\"@id\":\"https:\\\/\\\/higalysos.com\\\/#\\\/schema\\\/logo\\\/image\\\/\",\"url\":\"https:\\\/\\\/higalysos.com\\\/wp-content\\\/uploads\\\/2025\\\/10\\\/LOGOTIPO-BLANCO.png\",\"contentUrl\":\"https:\\\/\\\/higalysos.com\\\/wp-content\\\/uploads\\\/2025\\\/10\\\/LOGOTIPO-BLANCO.png\",\"width\":1266,\"height\":572,\"caption\":\"Higalysos\"},\"image\":{\"@id\":\"https:\\\/\\\/higalysos.com\\\/#\\\/schema\\\/logo\\\/image\\\/\"}}]}<\/script>\n<!-- \/ Yoast SEO plugin. -->","yoast_head_json":{"title":"INDUSTRIA ALIMENTARIA - Higalysos","robots":{"index":"index","follow":"follow","max-snippet":"max-snippet:-1","max-image-preview":"max-image-preview:large","max-video-preview":"max-video-preview:-1"},"canonical":"https:\/\/higalysos.com\/?page_id=109","og_locale":"es_ES","og_type":"article","og_title":"INDUSTRIA ALIMENTARIA - Higalysos","og_description":"INDUSTRIA ALIMENTARIA En la industria alimentaria, los procesos son complejos y est\u00e1n sometidos a un alto nivel de exigencia normativa, tanto en el mercado local como internacional. Desde el control de materias primas hasta el envasado y la distribuci\u00f3n, es imprescindible contar con sistemas que aseguren la trazabilidad completa y eliminen errores humanos en puntos [&hellip;]","og_url":"https:\/\/higalysos.com\/?page_id=109","og_site_name":"Higalysos","article_modified_time":"2025-10-03T16:47:34+00:00","twitter_card":"summary_large_image","twitter_misc":{"Tiempo de lectura":"1 minuto"},"schema":{"@context":"https:\/\/schema.org","@graph":[{"@type":"WebPage","@id":"https:\/\/higalysos.com\/?page_id=109","url":"https:\/\/higalysos.com\/?page_id=109","name":"INDUSTRIA ALIMENTARIA - Higalysos","isPartOf":{"@id":"https:\/\/higalysos.com\/#website"},"datePublished":"2025-10-02T15:25:22+00:00","dateModified":"2025-10-03T16:47:34+00:00","breadcrumb":{"@id":"https:\/\/higalysos.com\/?page_id=109#breadcrumb"},"inLanguage":"es","potentialAction":[{"@type":"ReadAction","target":["https:\/\/higalysos.com\/?page_id=109"]}]},{"@type":"BreadcrumbList","@id":"https:\/\/higalysos.com\/?page_id=109#breadcrumb","itemListElement":[{"@type":"ListItem","position":1,"name":"Portada","item":"https:\/\/higalysos.com\/"},{"@type":"ListItem","position":2,"name":"INDUSTRIA ALIMENTARIA"}]},{"@type":"WebSite","@id":"https:\/\/higalysos.com\/#website","url":"https:\/\/higalysos.com\/","name":"Higalysos","description":"Seguridad Alimentaria y Sostenibilidad","publisher":{"@id":"https:\/\/higalysos.com\/#organization"},"potentialAction":[{"@type":"SearchAction","target":{"@type":"EntryPoint","urlTemplate":"https:\/\/higalysos.com\/?s={search_term_string}"},"query-input":{"@type":"PropertyValueSpecification","valueRequired":true,"valueName":"search_term_string"}}],"inLanguage":"es"},{"@type":"Organization","@id":"https:\/\/higalysos.com\/#organization","name":"Higalysos","url":"https:\/\/higalysos.com\/","logo":{"@type":"ImageObject","inLanguage":"es","@id":"https:\/\/higalysos.com\/#\/schema\/logo\/image\/","url":"https:\/\/higalysos.com\/wp-content\/uploads\/2025\/10\/LOGOTIPO-BLANCO.png","contentUrl":"https:\/\/higalysos.com\/wp-content\/uploads\/2025\/10\/LOGOTIPO-BLANCO.png","width":1266,"height":572,"caption":"Higalysos"},"image":{"@id":"https:\/\/higalysos.com\/#\/schema\/logo\/image\/"}}]}},"_links":{"self":[{"href":"https:\/\/higalysos.com\/index.php?rest_route=\/wp\/v2\/pages\/109","targetHints":{"allow":["GET"]}}],"collection":[{"href":"https:\/\/higalysos.com\/index.php?rest_route=\/wp\/v2\/pages"}],"about":[{"href":"https:\/\/higalysos.com\/index.php?rest_route=\/wp\/v2\/types\/page"}],"author":[{"embeddable":true,"href":"https:\/\/higalysos.com\/index.php?rest_route=\/wp\/v2\/users\/1"}],"replies":[{"embeddable":true,"href":"https:\/\/higalysos.com\/index.php?rest_route=%2Fwp%2Fv2%2Fcomments&post=109"}],"version-history":[{"count":2,"href":"https:\/\/higalysos.com\/index.php?rest_route=\/wp\/v2\/pages\/109\/revisions"}],"predecessor-version":[{"id":443,"href":"https:\/\/higalysos.com\/index.php?rest_route=\/wp\/v2\/pages\/109\/revisions\/443"}],"wp:attachment":[{"href":"https:\/\/higalysos.com\/index.php?rest_route=%2Fwp%2Fv2%2Fmedia&parent=109"}],"curies":[{"name":"wp","href":"https:\/\/api.w.org\/{rel}","templated":true}]}}