{"id":110,"date":"2025-10-02T15:25:22","date_gmt":"2025-10-02T15:25:22","guid":{"rendered":"https:\/\/higalysos.com\/?page_id=110"},"modified":"2025-10-02T18:13:24","modified_gmt":"2025-10-02T18:13:24","slug":"donde-estamos","status":"publish","type":"page","link":"https:\/\/higalysos.com\/?page_id=110","title":{"rendered":"D\u00d3NDE ESTAMOS"},"content":{"rendered":"\t\t<div data-elementor-type=\"wp-page\" data-elementor-id=\"110\" class=\"elementor elementor-110\">\n\t\t\t\t<div class=\"elementor-element elementor-element-99cc76c e-flex e-con-boxed e-con e-parent\" data-id=\"99cc76c\" data-element_type=\"container\" data-e-type=\"container\">\n\t\t\t\t\t<div class=\"e-con-inner\">\n\t\t<div class=\"elementor-element elementor-element-bd759f9 e-con-full e-flex e-con e-child\" data-id=\"bd759f9\" data-element_type=\"container\" data-e-type=\"container\">\n\t\t\t\t<div class=\"elementor-element elementor-element-fac6334 elementor-widget elementor-widget-heading\" data-id=\"fac6334\" data-element_type=\"widget\" data-e-type=\"widget\" data-widget_type=\"heading.default\">\n\t\t\t\t\t<h4 class=\"elementor-heading-title elementor-size-default\">Avenida del Mediterr\u00e1neo, 2<br>Edificio Zaud\u00edn Boulevard, 19<br>41940 TOMARES (Sevilla)<\/h4>\t\t\t\t<\/div>\n\t\t\t\t<\/div>\n\t\t\t\t<div class=\"elementor-element elementor-element-4cf72a3 elementor-widget elementor-widget-google_maps\" data-id=\"4cf72a3\" data-element_type=\"widget\" data-e-type=\"widget\" data-widget_type=\"google_maps.default\">\n\t\t\t\t\t\t\t<div class=\"elementor-custom-embed\">\n\t\t\t<iframe loading=\"lazy\"\n\t\t\t\t\tsrc=\"https:\/\/maps.google.com\/maps?q=avenida%20del%20mediterraneo%2C%202%20-%20edificio%20zaudin%20boulevard%2C%2041940%20TOMARES%20%28Sevilla%29&#038;t=m&#038;z=14&#038;output=embed&#038;iwloc=near\"\n\t\t\t\t\ttitle=\"avenida del mediterraneo, 2 - edificio zaudin boulevard, 41940 TOMARES (Sevilla)\"\n\t\t\t\t\taria-label=\"avenida del mediterraneo, 2 - edificio zaudin boulevard, 41940 TOMARES (Sevilla)\"\n\t\t\t><\/iframe>\n\t\t<\/div>\n\t\t\t\t\t\t<\/div>\n\t\t\t\t\t<\/div>\n\t\t\t\t<\/div>\n\t\t\t\t<\/div>\n\t\t","protected":false},"excerpt":{"rendered":"<p>Avenida del Mediterr\u00e1neo, 2Edificio Zaud\u00edn Boulevard, 1941940 TOMARES (Sevilla)<\/p>\n","protected":false},"author":1,"featured_media":0,"parent":0,"menu_order":0,"comment_status":"closed","ping_status":"closed","template":"","meta":{"footnotes":""},"class_list":["post-110","page","type-page","status-publish","hentry"],"yoast_head":"<!-- This site is optimized with the Yoast SEO plugin v27.5 - https:\/\/yoast.com\/product\/yoast-seo-wordpress\/ -->\n<title>D\u00d3NDE ESTAMOS - Higalysos<\/title>\n<meta name=\"robots\" content=\"index, follow, max-snippet:-1, max-image-preview:large, max-video-preview:-1\" \/>\n<link rel=\"canonical\" href=\"https:\/\/higalysos.com\/?page_id=110\" \/>\n<meta property=\"og:locale\" content=\"es_ES\" \/>\n<meta property=\"og:type\" content=\"article\" \/>\n<meta property=\"og:title\" content=\"D\u00d3NDE ESTAMOS - Higalysos\" \/>\n<meta property=\"og:description\" content=\"Avenida del Mediterr\u00e1neo, 2Edificio Zaud\u00edn Boulevard, 1941940 TOMARES (Sevilla)\" \/>\n<meta property=\"og:url\" content=\"https:\/\/higalysos.com\/?page_id=110\" \/>\n<meta property=\"og:site_name\" content=\"Higalysos\" \/>\n<meta property=\"article:modified_time\" content=\"2025-10-02T18:13:24+00:00\" \/>\n<meta name=\"twitter:card\" content=\"summary_large_image\" \/>\n<meta name=\"twitter:label1\" content=\"Tiempo de lectura\" \/>\n\t<meta name=\"twitter:data1\" content=\"1 minuto\" \/>\n<script type=\"application\/ld+json\" class=\"yoast-schema-graph\">{\"@context\":\"https:\\\/\\\/schema.org\",\"@graph\":[{\"@type\":\"WebPage\",\"@id\":\"https:\\\/\\\/higalysos.com\\\/?page_id=110\",\"url\":\"https:\\\/\\\/higalysos.com\\\/?page_id=110\",\"name\":\"D\u00d3NDE ESTAMOS - Higalysos\",\"isPartOf\":{\"@id\":\"https:\\\/\\\/higalysos.com\\\/#website\"},\"datePublished\":\"2025-10-02T15:25:22+00:00\",\"dateModified\":\"2025-10-02T18:13:24+00:00\",\"breadcrumb\":{\"@id\":\"https:\\\/\\\/higalysos.com\\\/?page_id=110#breadcrumb\"},\"inLanguage\":\"es\",\"potentialAction\":[{\"@type\":\"ReadAction\",\"target\":[\"https:\\\/\\\/higalysos.com\\\/?page_id=110\"]}]},{\"@type\":\"BreadcrumbList\",\"@id\":\"https:\\\/\\\/higalysos.com\\\/?page_id=110#breadcrumb\",\"itemListElement\":[{\"@type\":\"ListItem\",\"position\":1,\"name\":\"Portada\",\"item\":\"https:\\\/\\\/higalysos.com\\\/\"},{\"@type\":\"ListItem\",\"position\":2,\"name\":\"D\u00d3NDE ESTAMOS\"}]},{\"@type\":\"WebSite\",\"@id\":\"https:\\\/\\\/higalysos.com\\\/#website\",\"url\":\"https:\\\/\\\/higalysos.com\\\/\",\"name\":\"Higalysos\",\"description\":\"Seguridad Alimentaria y Sostenibilidad\",\"publisher\":{\"@id\":\"https:\\\/\\\/higalysos.com\\\/#organization\"},\"potentialAction\":[{\"@type\":\"SearchAction\",\"target\":{\"@type\":\"EntryPoint\",\"urlTemplate\":\"https:\\\/\\\/higalysos.com\\\/?s={search_term_string}\"},\"query-input\":{\"@type\":\"PropertyValueSpecification\",\"valueRequired\":true,\"valueName\":\"search_term_string\"}}],\"inLanguage\":\"es\"},{\"@type\":\"Organization\",\"@id\":\"https:\\\/\\\/higalysos.com\\\/#organization\",\"name\":\"Higalysos\",\"url\":\"https:\\\/\\\/higalysos.com\\\/\",\"logo\":{\"@type\":\"ImageObject\",\"inLanguage\":\"es\",\"@id\":\"https:\\\/\\\/higalysos.com\\\/#\\\/schema\\\/logo\\\/image\\\/\",\"url\":\"https:\\\/\\\/higalysos.com\\\/wp-content\\\/uploads\\\/2025\\\/10\\\/LOGOTIPO-BLANCO.png\",\"contentUrl\":\"https:\\\/\\\/higalysos.com\\\/wp-content\\\/uploads\\\/2025\\\/10\\\/LOGOTIPO-BLANCO.png\",\"width\":1266,\"height\":572,\"caption\":\"Higalysos\"},\"image\":{\"@id\":\"https:\\\/\\\/higalysos.com\\\/#\\\/schema\\\/logo\\\/image\\\/\"}}]}<\/script>\n<!-- \/ Yoast SEO plugin. -->","yoast_head_json":{"title":"D\u00d3NDE ESTAMOS - Higalysos","robots":{"index":"index","follow":"follow","max-snippet":"max-snippet:-1","max-image-preview":"max-image-preview:large","max-video-preview":"max-video-preview:-1"},"canonical":"https:\/\/higalysos.com\/?page_id=110","og_locale":"es_ES","og_type":"article","og_title":"D\u00d3NDE ESTAMOS - Higalysos","og_description":"Avenida del Mediterr\u00e1neo, 2Edificio Zaud\u00edn Boulevard, 1941940 TOMARES (Sevilla)","og_url":"https:\/\/higalysos.com\/?page_id=110","og_site_name":"Higalysos","article_modified_time":"2025-10-02T18:13:24+00:00","twitter_card":"summary_large_image","twitter_misc":{"Tiempo de lectura":"1 minuto"},"schema":{"@context":"https:\/\/schema.org","@graph":[{"@type":"WebPage","@id":"https:\/\/higalysos.com\/?page_id=110","url":"https:\/\/higalysos.com\/?page_id=110","name":"D\u00d3NDE ESTAMOS - Higalysos","isPartOf":{"@id":"https:\/\/higalysos.com\/#website"},"datePublished":"2025-10-02T15:25:22+00:00","dateModified":"2025-10-02T18:13:24+00:00","breadcrumb":{"@id":"https:\/\/higalysos.com\/?page_id=110#breadcrumb"},"inLanguage":"es","potentialAction":[{"@type":"ReadAction","target":["https:\/\/higalysos.com\/?page_id=110"]}]},{"@type":"BreadcrumbList","@id":"https:\/\/higalysos.com\/?page_id=110#breadcrumb","itemListElement":[{"@type":"ListItem","position":1,"name":"Portada","item":"https:\/\/higalysos.com\/"},{"@type":"ListItem","position":2,"name":"D\u00d3NDE ESTAMOS"}]},{"@type":"WebSite","@id":"https:\/\/higalysos.com\/#website","url":"https:\/\/higalysos.com\/","name":"Higalysos","description":"Seguridad Alimentaria y Sostenibilidad","publisher":{"@id":"https:\/\/higalysos.com\/#organization"},"potentialAction":[{"@type":"SearchAction","target":{"@type":"EntryPoint","urlTemplate":"https:\/\/higalysos.com\/?s={search_term_string}"},"query-input":{"@type":"PropertyValueSpecification","valueRequired":true,"valueName":"search_term_string"}}],"inLanguage":"es"},{"@type":"Organization","@id":"https:\/\/higalysos.com\/#organization","name":"Higalysos","url":"https:\/\/higalysos.com\/","logo":{"@type":"ImageObject","inLanguage":"es","@id":"https:\/\/higalysos.com\/#\/schema\/logo\/image\/","url":"https:\/\/higalysos.com\/wp-content\/uploads\/2025\/10\/LOGOTIPO-BLANCO.png","contentUrl":"https:\/\/higalysos.com\/wp-content\/uploads\/2025\/10\/LOGOTIPO-BLANCO.png","width":1266,"height":572,"caption":"Higalysos"},"image":{"@id":"https:\/\/higalysos.com\/#\/schema\/logo\/image\/"}}]}},"_links":{"self":[{"href":"https:\/\/higalysos.com\/index.php?rest_route=\/wp\/v2\/pages\/110","targetHints":{"allow":["GET"]}}],"collection":[{"href":"https:\/\/higalysos.com\/index.php?rest_route=\/wp\/v2\/pages"}],"about":[{"href":"https:\/\/higalysos.com\/index.php?rest_route=\/wp\/v2\/types\/page"}],"author":[{"embeddable":true,"href":"https:\/\/higalysos.com\/index.php?rest_route=\/wp\/v2\/users\/1"}],"replies":[{"embeddable":true,"href":"https:\/\/higalysos.com\/index.php?rest_route=%2Fwp%2Fv2%2Fcomments&post=110"}],"version-history":[{"count":7,"href":"https:\/\/higalysos.com\/index.php?rest_route=\/wp\/v2\/pages\/110\/revisions"}],"predecessor-version":[{"id":291,"href":"https:\/\/higalysos.com\/index.php?rest_route=\/wp\/v2\/pages\/110\/revisions\/291"}],"wp:attachment":[{"href":"https:\/\/higalysos.com\/index.php?rest_route=%2Fwp%2Fv2%2Fmedia&parent=110"}],"curies":[{"name":"wp","href":"https:\/\/api.w.org\/{rel}","templated":true}]}}