{"id":112,"date":"2025-10-02T15:25:23","date_gmt":"2025-10-02T15:25:23","guid":{"rendered":"https:\/\/higalysos.com\/?page_id=112"},"modified":"2025-10-06T11:22:07","modified_gmt":"2025-10-06T11:22:07","slug":"los-pilares-de-la-innovacion","status":"publish","type":"page","link":"https:\/\/higalysos.com\/?page_id=112","title":{"rendered":"LOS PILARES DE LA INNOVACI\u00d3N"},"content":{"rendered":"<div data-colibri-id=\"112-c1\" class=\"style-247 style-local-112-c1 position-relative\">\n  <!---->\n  <div data-colibri-component=\"section\" data-colibri-id=\"112-c2\" id=\"features\" class=\"h-section h-section-global-spacing d-flex align-items-lg-center align-items-md-center align-items-center style-248 style-local-112-c2 position-relative\">\n    <!---->\n    <!---->\n    <div class=\"h-section-grid-container h-section-boxed-container\">\n      <div data-colibri-id=\"112-c22\" class=\"h-row-container gutters-row-lg-2 gutters-row-md-2 gutters-row-0 gutters-row-v-lg-2 gutters-row-v-md-2 gutters-row-v-2 style-258 style-local-112-c22 position-relative\">\n        <!---->\n        <div class=\"h-row justify-content-lg-center justify-content-md-center justify-content-center align-items-lg-stretch align-items-md-stretch align-items-stretch gutters-col-lg-2 gutters-col-md-2 gutters-col-0 gutters-col-v-lg-2 gutters-col-v-md-2 gutters-col-v-2\">\n          <!---->\n          <div class=\"h-column h-column-container d-flex h-col-lg-auto h-col-md-auto h-col-auto style-259-outer style-local-112-c23-outer\">\n            <div data-colibri-id=\"112-c23\" class=\"d-flex h-flex-basis h-column__inner h-px-lg-2 h-px-md-2 h-px-2 v-inner-lg-2 v-inner-md-2 v-inner-2 style-259 style-local-112-c23 position-relative\">\n              <!---->\n              <!---->\n              <div class=\"w-100 h-y-container h-column__content h-column__v-align flex-basis-100 align-self-lg-start align-self-md-start align-self-start\">\n                <!---->\n                <div data-colibri-id=\"112-c24\" class=\"h-lead h-text h-text-component style-261 style-local-112-c24 position-relative h-element\">\n                  <!---->\n                  <!---->\n                  <div class=\"\">\n                    <p>En HIGALYSOS hemos construido una soluci\u00f3n \u00fanica, apoyada en tres pilares tecnol\u00f3gicos que marcan la diferencia y sit\u00faan a nuestros clientes a la vanguardia de la gesti\u00f3n en higiene alimentaria y sostenibilidad. Estos tres pilares\n                      trabajan en conjunto para ofrecer un control 360\u00ba, donde la seguridad alimentaria, la eficiencia operativa y la sostenibilidad dejan de ser un desaf\u00edo y se convierten en una ventaja competitiva real para cualquier negocio.<\/p>\n                  <\/div>\n                <\/div>\n              <\/div>\n            <\/div>\n          <\/div>\n        <\/div>\n      <\/div>\n      <div data-colibri-id=\"112-c3\" class=\"h-row-container gutters-row-lg-2 gutters-row-md-2 gutters-row-2 gutters-row-v-lg-2 gutters-row-v-md-2 gutters-row-v-2 style-249 style-local-112-c3 position-relative\">\n        <!---->\n        <div class=\"h-row justify-content-lg-center justify-content-md-center justify-content-center align-items-lg-stretch align-items-md-stretch align-items-stretch gutters-col-lg-2 gutters-col-md-2 gutters-col-2 gutters-col-v-lg-2 gutters-col-v-md-2 gutters-col-v-2\">\n          <!---->\n          <div class=\"h-column h-column-container d-flex h-col-lg-4 h-col-md-6 h-col-12 style-250-outer style-local-112-c4-outer\">\n            <div data-colibri-id=\"112-c4\" class=\"d-flex h-flex-basis h-column__inner h-px-lg-0 h-px-md-0 h-px-0 v-inner-lg-0 v-inner-md-0 v-inner-0 style-250 style-local-112-c4 position-relative\">\n              <!---->\n              <!---->\n              <div class=\"w-100 h-y-container h-column__content h-column__v-align flex-basis-100 align-self-lg-start align-self-md-start align-self-start\">\n                <!---->\n                <div data-colibri-id=\"112-c5\" class=\"d-block style-251 style-local-112-c5 position-relative h-element\">\n                  <!---->\n                  <div class=\"h-image__frame-container-outer\">\n                    <div class=\"h-image__frame-container\">\n                      <!---->\n                      <!---->\n                      <img fetchpriority=\"high\" decoding=\"async\" width=\"1347\" height=\"1347\" src=\"https:\/\/higalysos.com\/wp-content\/uploads\/2025\/10\/cropped-IA.jpg\" class=\"wp-image-340 style-251-image style-local-112-c5-image\" alt=\"\" srcset=\"https:\/\/higalysos.com\/wp-content\/uploads\/2025\/10\/cropped-IA.jpg 1347w, https:\/\/higalysos.com\/wp-content\/uploads\/2025\/10\/cropped-IA-300x300.jpg 300w, https:\/\/higalysos.com\/wp-content\/uploads\/2025\/10\/cropped-IA-1024x1024.jpg 1024w, https:\/\/higalysos.com\/wp-content\/uploads\/2025\/10\/cropped-IA-150x150.jpg 150w, https:\/\/higalysos.com\/wp-content\/uploads\/2025\/10\/cropped-IA-768x768.jpg 768w\" sizes=\"(max-width: 1347px) 100vw, 1347px\" \/>\n                      <div class=\"h-image__frame h-hide-lg h-hide-md h-hide-sm style-251-frameImage style-local-112-c5-frameImage\"><\/div>\n                    <\/div>\n                  <\/div>\n                <\/div>\n                <div data-colibri-id=\"112-c6\" class=\"h-row-container gutters-row-lg-0 gutters-row-md-0 gutters-row-2 gutters-row-v-lg-0 gutters-row-v-md-0 gutters-row-v-2 style-252 style-local-112-c6 position-relative\">\n                  <!---->\n                  <div class=\"h-row justify-content-lg-center justify-content-md-center justify-content-center align-items-lg-stretch align-items-md-stretch align-items-stretch gutters-col-lg-0 gutters-col-md-0 gutters-col-2 gutters-col-v-lg-0 gutters-col-v-md-0 gutters-col-v-2\">\n                    <!---->\n                    <div class=\"h-column h-column-container d-flex h-col-lg-auto h-col-md-auto h-col-auto style-253-outer style-local-112-c7-outer\">\n                      <div data-colibri-id=\"112-c7\" class=\"d-flex h-flex-basis h-column__inner h-px-lg-2 h-px-md-3 h-px-2 v-inner-lg-2 v-inner-md-3 v-inner-2 style-253 style-local-112-c7 position-relative\">\n                        <!---->\n                        <!---->\n                        <div class=\"w-100 h-y-container h-column__content h-column__v-align flex-basis-100 align-self-lg-start align-self-md-start align-self-start\">\n                          <!---->\n                          <div data-colibri-id=\"112-c8\" class=\"h-global-transition-all h-heading style-254 style-local-112-c8 position-relative h-element\">\n                            <!---->\n                            <div class=\"h-heading__outer style-254 style-local-112-c8\">\n                              <!---->\n                              <!---->\n                              <h4 class=\"\">INTELIGENCIA\n                                <br>ARTIFICIAL<\/h4>\n                            <\/div>\n                          <\/div>\n                          <div data-colibri-id=\"112-c9\" class=\"h-text h-text-component style-262 style-local-112-c9 position-relative h-element\">\n                            <!---->\n                            <!---->\n                            <div class=\"\">\n                              <ul>\n                                <li>Un asistente virtual experto en seguridad alimentaria y sostenibilidad, capaz de resolver dudas y guiar a los responsables en cada decisi\u00f3n.<\/li>\n                                <li>Captura autom\u00e1tica de datos de facturas y albaranes: el sistema actualiza de forma inmediata y sin intervenci\u00f3n manual informaci\u00f3n clave como stock, lotes, fechas de caducidad, proveedores y precios de compra, etc&#8230;<\/li>\n                                <li>Reducci\u00f3n dr\u00e1stica de errores humanos y del tiempo dedicado a tareas administrativas.<\/li>\n                              <\/ul>\n                              <p>\n                                <br>\n                              <\/p>\n                            <\/div>\n                          <\/div>\n                        <\/div>\n                      <\/div>\n                    <\/div>\n                  <\/div>\n                <\/div>\n              <\/div>\n            <\/div>\n          <\/div>\n          <div class=\"h-column h-column-container d-flex h-col-lg-4 h-col-md-6 h-col-12 style-250-outer style-local-112-c10-outer\">\n            <div data-colibri-id=\"112-c10\" class=\"d-flex h-flex-basis h-column__inner h-px-lg-0 h-px-md-0 h-px-0 v-inner-lg-0 v-inner-md-0 v-inner-0 style-250 style-local-112-c10 position-relative\">\n              <!---->\n              <!---->\n              <div class=\"w-100 h-y-container h-column__content h-column__v-align flex-basis-100 align-self-lg-start align-self-md-start align-self-start\">\n                <!---->\n                <div data-colibri-id=\"112-c11\" class=\"d-block style-251 style-local-112-c11 position-relative h-element\">\n                  <!---->\n                  <div class=\"h-image__frame-container-outer\">\n                    <div class=\"h-image__frame-container\">\n                      <!---->\n                      <!---->\n                      <img decoding=\"async\" width=\"1196\" height=\"1196\" src=\"https:\/\/higalysos.com\/wp-content\/uploads\/2025\/10\/cropped-IOT.jpg\" class=\"wp-image-335 style-251-image style-local-112-c11-image\" alt=\"\" srcset=\"https:\/\/higalysos.com\/wp-content\/uploads\/2025\/10\/cropped-IOT.jpg 1196w, https:\/\/higalysos.com\/wp-content\/uploads\/2025\/10\/cropped-IOT-300x300.jpg 300w, https:\/\/higalysos.com\/wp-content\/uploads\/2025\/10\/cropped-IOT-1024x1024.jpg 1024w, https:\/\/higalysos.com\/wp-content\/uploads\/2025\/10\/cropped-IOT-150x150.jpg 150w, https:\/\/higalysos.com\/wp-content\/uploads\/2025\/10\/cropped-IOT-768x768.jpg 768w\" sizes=\"(max-width: 1196px) 100vw, 1196px\" \/>\n                      <div class=\"h-image__frame h-hide-lg h-hide-md h-hide-sm style-251-frameImage style-local-112-c11-frameImage\"><\/div>\n                    <\/div>\n                  <\/div>\n                <\/div>\n                <div data-colibri-id=\"112-c12\" class=\"h-row-container gutters-row-lg-0 gutters-row-md-0 gutters-row-2 gutters-row-v-lg-0 gutters-row-v-md-0 gutters-row-v-2 style-252 style-local-112-c12 position-relative\">\n                  <!---->\n                  <div class=\"h-row justify-content-lg-center justify-content-md-center justify-content-center align-items-lg-stretch align-items-md-stretch align-items-stretch gutters-col-lg-0 gutters-col-md-0 gutters-col-2 gutters-col-v-lg-0 gutters-col-v-md-0 gutters-col-v-2\">\n                    <!---->\n                    <div class=\"h-column h-column-container d-flex h-col-lg-auto h-col-md-auto h-col-auto style-253-outer style-local-112-c13-outer\">\n                      <div data-colibri-id=\"112-c13\" class=\"d-flex h-flex-basis h-column__inner h-px-lg-2 h-px-md-3 h-px-2 v-inner-lg-2 v-inner-md-3 v-inner-2 style-253 style-local-112-c13 position-relative\">\n                        <!---->\n                        <!---->\n                        <div class=\"w-100 h-y-container h-column__content h-column__v-align flex-basis-100 align-self-lg-start align-self-md-start align-self-start\">\n                          <!---->\n                          <div data-colibri-id=\"112-c14\" class=\"h-global-transition-all h-heading style-254 style-local-112-c14 position-relative h-element\">\n                            <!---->\n                            <div class=\"h-heading__outer style-254 style-local-112-c14\">\n                              <!---->\n                              <!---->\n                              <h4 class=\"\">IoT\n                                <br>INTERNET OF THINGS<\/h4>\n                            <\/div>\n                          <\/div>\n                          <div data-colibri-id=\"112-c15\" class=\"h-text h-text-component style-255 style-local-112-c15 position-relative h-element\">\n                            <!---->\n                            <!---->\n                            <div class=\"\">\n                              <ul>\n                                <li>Monitoreo autom\u00e1tico de instalaciones mediante sensores conectados.<\/li>\n                                <li>Control continuo de par\u00e1metros cr\u00edticos, como la temperatura de c\u00e1maras frigor\u00edficas, sin necesidad de registros manuales.<\/li>\n                                <li>Seguridad y fiabilidad: los datos se registran en tiempo real, garantizando su validez ante inspecciones o auditor\u00edas.<\/li>\n                              <\/ul>\n                            <\/div>\n                          <\/div>\n                        <\/div>\n                      <\/div>\n                    <\/div>\n                  <\/div>\n                <\/div>\n              <\/div>\n            <\/div>\n          <\/div>\n          <div class=\"h-column h-column-container d-flex h-col-lg-4 h-col-md-6 h-col-12 style-250-outer style-local-112-c16-outer\">\n            <div data-colibri-id=\"112-c16\" class=\"d-flex h-flex-basis h-column__inner h-px-lg-0 h-px-md-0 h-px-0 v-inner-lg-0 v-inner-md-0 v-inner-0 style-250 style-local-112-c16 position-relative\">\n              <!---->\n              <!---->\n              <div class=\"w-100 h-y-container h-column__content h-column__v-align flex-basis-100 align-self-lg-start align-self-md-start align-self-start\">\n                <!---->\n                <div data-colibri-id=\"112-c17\" class=\"d-block style-251 style-local-112-c17 position-relative h-element\">\n                  <!---->\n                  <div class=\"h-image__frame-container-outer\">\n                    <div class=\"h-image__frame-container\">\n                      <!---->\n                      <!---->\n                      <img decoding=\"async\" width=\"1364\" height=\"1364\" src=\"https:\/\/higalysos.com\/wp-content\/uploads\/2025\/10\/cropped-PIG.jpg\" class=\"wp-image-338 style-251-image style-local-112-c17-image\" alt=\"\" srcset=\"https:\/\/higalysos.com\/wp-content\/uploads\/2025\/10\/cropped-PIG.jpg 1364w, https:\/\/higalysos.com\/wp-content\/uploads\/2025\/10\/cropped-PIG-300x300.jpg 300w, https:\/\/higalysos.com\/wp-content\/uploads\/2025\/10\/cropped-PIG-1024x1024.jpg 1024w, https:\/\/higalysos.com\/wp-content\/uploads\/2025\/10\/cropped-PIG-150x150.jpg 150w, https:\/\/higalysos.com\/wp-content\/uploads\/2025\/10\/cropped-PIG-768x768.jpg 768w\" sizes=\"(max-width: 1364px) 100vw, 1364px\" \/>\n                      <div class=\"h-image__frame h-hide-lg h-hide-md h-hide-sm style-251-frameImage style-local-112-c17-frameImage\"><\/div>\n                    <\/div>\n                  <\/div>\n                <\/div>\n                <div data-colibri-id=\"112-c18\" class=\"h-row-container gutters-row-lg-0 gutters-row-md-0 gutters-row-2 gutters-row-v-lg-0 gutters-row-v-md-0 gutters-row-v-2 style-252 style-local-112-c18 position-relative\">\n                  <!---->\n                  <div class=\"h-row justify-content-lg-center justify-content-md-center justify-content-center align-items-lg-stretch align-items-md-stretch align-items-stretch gutters-col-lg-0 gutters-col-md-0 gutters-col-2 gutters-col-v-lg-0 gutters-col-v-md-0 gutters-col-v-2\">\n                    <!---->\n                    <div class=\"h-column h-column-container d-flex h-col-lg-auto h-col-md-auto h-col-auto style-253-outer style-local-112-c19-outer\">\n                      <div data-colibri-id=\"112-c19\" class=\"d-flex h-flex-basis h-column__inner h-px-lg-2 h-px-md-3 h-px-2 v-inner-lg-2 v-inner-md-3 v-inner-2 style-253 style-local-112-c19 position-relative\">\n                        <!---->\n                        <!---->\n                        <div class=\"w-100 h-y-container h-column__content h-column__v-align flex-basis-100 align-self-lg-start align-self-md-start align-self-start\">\n                          <!---->\n                          <div data-colibri-id=\"112-c20\" class=\"h-global-transition-all h-heading style-254 style-local-112-c20 position-relative h-element\">\n                            <!---->\n                            <div class=\"h-heading__outer style-254 style-local-112-c20\">\n                              <!---->\n                              <!---->\n                              <h4 class=\"\">PROCESOS Y DOCUMENTACI\u00d3N&nbsp;\n                                <br>INTELIGENTE<\/h4>\n                            <\/div>\n                          <\/div>\n                          <div data-colibri-id=\"112-c21\" class=\"h-text h-text-component style-255 style-local-112-c21 position-relative h-element\">\n                            <!---->\n                            <!---->\n                            <div class=\"\">\n                              <ul>\n                                <li>Automatizaci\u00f3n de tareas recurrentes: el sistema asigna responsabilidades a cada operario y hace seguimiento de su ejecuci\u00f3n.<\/li>\n                                <li>Archivo digital inteligente, que organiza la documentaci\u00f3n de forma segura, accesible y siempre lista para ser consultada.<\/li>\n                                <li>Supervisi\u00f3n total mediante un Dashboard central, que permite ver tareas pendientes, incidencias abiertas y acciones correctivas en curso.<\/li>\n                              <\/ul>\n                            <\/div>\n                          <\/div>\n                        <\/div>\n                      <\/div>\n                    <\/div>\n                  <\/div>\n                <\/div>\n              <\/div>\n            <\/div>\n          <\/div>\n        <\/div>\n      <\/div>\n    <\/div>\n  <\/div>\n<\/div>","protected":false},"excerpt":{"rendered":"<p>En HIGALYSOS hemos construido una soluci\u00f3n \u00fanica, apoyada en tres pilares tecnol\u00f3gicos que marcan la diferencia y sit\u00faan a nuestros clientes a la vanguardia de la gesti\u00f3n en higiene alimentaria y sostenibilidad. Estos tres pilares trabajan en conjunto para ofrecer un control 360\u00ba, donde la seguridad alimentaria, la eficiencia operativa y la sostenibilidad dejan de [&hellip;]<\/p>\n","protected":false},"author":1,"featured_media":0,"parent":0,"menu_order":0,"comment_status":"closed","ping_status":"closed","template":"page-templates\/full-width-page.php","meta":{"footnotes":""},"class_list":["post-112","page","type-page","status-publish","hentry"],"yoast_head":"<!-- This site is optimized with the Yoast SEO plugin v27.5 - https:\/\/yoast.com\/product\/yoast-seo-wordpress\/ -->\n<title>LOS PILARES DE LA INNOVACI\u00d3N - Higalysos<\/title>\n<meta name=\"robots\" content=\"index, follow, max-snippet:-1, max-image-preview:large, max-video-preview:-1\" \/>\n<link rel=\"canonical\" href=\"https:\/\/higalysos.com\/?page_id=112\" \/>\n<meta property=\"og:locale\" content=\"es_ES\" \/>\n<meta property=\"og:type\" content=\"article\" \/>\n<meta property=\"og:title\" content=\"LOS PILARES DE LA INNOVACI\u00d3N - Higalysos\" \/>\n<meta property=\"og:description\" content=\"En HIGALYSOS hemos construido una soluci\u00f3n \u00fanica, apoyada en tres pilares tecnol\u00f3gicos que marcan la diferencia y sit\u00faan a nuestros clientes a la vanguardia de la gesti\u00f3n en higiene alimentaria y sostenibilidad. Estos tres pilares trabajan en conjunto para ofrecer un control 360\u00ba, donde la seguridad alimentaria, la eficiencia operativa y la sostenibilidad dejan de [&hellip;]\" \/>\n<meta property=\"og:url\" content=\"https:\/\/higalysos.com\/?page_id=112\" \/>\n<meta property=\"og:site_name\" content=\"Higalysos\" \/>\n<meta property=\"article:modified_time\" content=\"2025-10-06T11:22:07+00:00\" \/>\n<meta property=\"og:image\" content=\"https:\/\/higalysos.com\/wp-content\/uploads\/2025\/10\/cropped-IA.jpg\" \/>\n\t<meta property=\"og:image:width\" content=\"1347\" \/>\n\t<meta property=\"og:image:height\" content=\"1347\" \/>\n\t<meta property=\"og:image:type\" content=\"image\/jpeg\" \/>\n<meta name=\"twitter:card\" content=\"summary_large_image\" \/>\n<meta name=\"twitter:label1\" content=\"Tiempo de lectura\" \/>\n\t<meta name=\"twitter:data1\" content=\"1 minuto\" \/>\n<script type=\"application\/ld+json\" class=\"yoast-schema-graph\">{\"@context\":\"https:\\\/\\\/schema.org\",\"@graph\":[{\"@type\":\"WebPage\",\"@id\":\"https:\\\/\\\/higalysos.com\\\/?page_id=112\",\"url\":\"https:\\\/\\\/higalysos.com\\\/?page_id=112\",\"name\":\"LOS PILARES DE LA INNOVACI\u00d3N - Higalysos\",\"isPartOf\":{\"@id\":\"https:\\\/\\\/higalysos.com\\\/#website\"},\"primaryImageOfPage\":{\"@id\":\"https:\\\/\\\/higalysos.com\\\/?page_id=112#primaryimage\"},\"image\":{\"@id\":\"https:\\\/\\\/higalysos.com\\\/?page_id=112#primaryimage\"},\"thumbnailUrl\":\"https:\\\/\\\/higalysos.com\\\/wp-content\\\/uploads\\\/2025\\\/10\\\/cropped-IA.jpg\",\"datePublished\":\"2025-10-02T15:25:23+00:00\",\"dateModified\":\"2025-10-06T11:22:07+00:00\",\"breadcrumb\":{\"@id\":\"https:\\\/\\\/higalysos.com\\\/?page_id=112#breadcrumb\"},\"inLanguage\":\"es\",\"potentialAction\":[{\"@type\":\"ReadAction\",\"target\":[\"https:\\\/\\\/higalysos.com\\\/?page_id=112\"]}]},{\"@type\":\"ImageObject\",\"inLanguage\":\"es\",\"@id\":\"https:\\\/\\\/higalysos.com\\\/?page_id=112#primaryimage\",\"url\":\"https:\\\/\\\/higalysos.com\\\/wp-content\\\/uploads\\\/2025\\\/10\\\/cropped-IA.jpg\",\"contentUrl\":\"https:\\\/\\\/higalysos.com\\\/wp-content\\\/uploads\\\/2025\\\/10\\\/cropped-IA.jpg\",\"width\":1347,\"height\":1347},{\"@type\":\"BreadcrumbList\",\"@id\":\"https:\\\/\\\/higalysos.com\\\/?page_id=112#breadcrumb\",\"itemListElement\":[{\"@type\":\"ListItem\",\"position\":1,\"name\":\"Portada\",\"item\":\"https:\\\/\\\/higalysos.com\\\/\"},{\"@type\":\"ListItem\",\"position\":2,\"name\":\"LOS PILARES DE LA INNOVACI\u00d3N\"}]},{\"@type\":\"WebSite\",\"@id\":\"https:\\\/\\\/higalysos.com\\\/#website\",\"url\":\"https:\\\/\\\/higalysos.com\\\/\",\"name\":\"Higalysos\",\"description\":\"Seguridad Alimentaria y Sostenibilidad\",\"publisher\":{\"@id\":\"https:\\\/\\\/higalysos.com\\\/#organization\"},\"potentialAction\":[{\"@type\":\"SearchAction\",\"target\":{\"@type\":\"EntryPoint\",\"urlTemplate\":\"https:\\\/\\\/higalysos.com\\\/?s={search_term_string}\"},\"query-input\":{\"@type\":\"PropertyValueSpecification\",\"valueRequired\":true,\"valueName\":\"search_term_string\"}}],\"inLanguage\":\"es\"},{\"@type\":\"Organization\",\"@id\":\"https:\\\/\\\/higalysos.com\\\/#organization\",\"name\":\"Higalysos\",\"url\":\"https:\\\/\\\/higalysos.com\\\/\",\"logo\":{\"@type\":\"ImageObject\",\"inLanguage\":\"es\",\"@id\":\"https:\\\/\\\/higalysos.com\\\/#\\\/schema\\\/logo\\\/image\\\/\",\"url\":\"https:\\\/\\\/higalysos.com\\\/wp-content\\\/uploads\\\/2025\\\/10\\\/LOGOTIPO-BLANCO.png\",\"contentUrl\":\"https:\\\/\\\/higalysos.com\\\/wp-content\\\/uploads\\\/2025\\\/10\\\/LOGOTIPO-BLANCO.png\",\"width\":1266,\"height\":572,\"caption\":\"Higalysos\"},\"image\":{\"@id\":\"https:\\\/\\\/higalysos.com\\\/#\\\/schema\\\/logo\\\/image\\\/\"}}]}<\/script>\n<!-- \/ Yoast SEO plugin. -->","yoast_head_json":{"title":"LOS PILARES DE LA INNOVACI\u00d3N - Higalysos","robots":{"index":"index","follow":"follow","max-snippet":"max-snippet:-1","max-image-preview":"max-image-preview:large","max-video-preview":"max-video-preview:-1"},"canonical":"https:\/\/higalysos.com\/?page_id=112","og_locale":"es_ES","og_type":"article","og_title":"LOS PILARES DE LA INNOVACI\u00d3N - Higalysos","og_description":"En HIGALYSOS hemos construido una soluci\u00f3n \u00fanica, apoyada en tres pilares tecnol\u00f3gicos que marcan la diferencia y sit\u00faan a nuestros clientes a la vanguardia de la gesti\u00f3n en higiene alimentaria y sostenibilidad. Estos tres pilares trabajan en conjunto para ofrecer un control 360\u00ba, donde la seguridad alimentaria, la eficiencia operativa y la sostenibilidad dejan de [&hellip;]","og_url":"https:\/\/higalysos.com\/?page_id=112","og_site_name":"Higalysos","article_modified_time":"2025-10-06T11:22:07+00:00","og_image":[{"width":1347,"height":1347,"url":"https:\/\/higalysos.com\/wp-content\/uploads\/2025\/10\/cropped-IA.jpg","type":"image\/jpeg"}],"twitter_card":"summary_large_image","twitter_misc":{"Tiempo de lectura":"1 minuto"},"schema":{"@context":"https:\/\/schema.org","@graph":[{"@type":"WebPage","@id":"https:\/\/higalysos.com\/?page_id=112","url":"https:\/\/higalysos.com\/?page_id=112","name":"LOS PILARES DE LA INNOVACI\u00d3N - Higalysos","isPartOf":{"@id":"https:\/\/higalysos.com\/#website"},"primaryImageOfPage":{"@id":"https:\/\/higalysos.com\/?page_id=112#primaryimage"},"image":{"@id":"https:\/\/higalysos.com\/?page_id=112#primaryimage"},"thumbnailUrl":"https:\/\/higalysos.com\/wp-content\/uploads\/2025\/10\/cropped-IA.jpg","datePublished":"2025-10-02T15:25:23+00:00","dateModified":"2025-10-06T11:22:07+00:00","breadcrumb":{"@id":"https:\/\/higalysos.com\/?page_id=112#breadcrumb"},"inLanguage":"es","potentialAction":[{"@type":"ReadAction","target":["https:\/\/higalysos.com\/?page_id=112"]}]},{"@type":"ImageObject","inLanguage":"es","@id":"https:\/\/higalysos.com\/?page_id=112#primaryimage","url":"https:\/\/higalysos.com\/wp-content\/uploads\/2025\/10\/cropped-IA.jpg","contentUrl":"https:\/\/higalysos.com\/wp-content\/uploads\/2025\/10\/cropped-IA.jpg","width":1347,"height":1347},{"@type":"BreadcrumbList","@id":"https:\/\/higalysos.com\/?page_id=112#breadcrumb","itemListElement":[{"@type":"ListItem","position":1,"name":"Portada","item":"https:\/\/higalysos.com\/"},{"@type":"ListItem","position":2,"name":"LOS PILARES DE LA INNOVACI\u00d3N"}]},{"@type":"WebSite","@id":"https:\/\/higalysos.com\/#website","url":"https:\/\/higalysos.com\/","name":"Higalysos","description":"Seguridad Alimentaria y Sostenibilidad","publisher":{"@id":"https:\/\/higalysos.com\/#organization"},"potentialAction":[{"@type":"SearchAction","target":{"@type":"EntryPoint","urlTemplate":"https:\/\/higalysos.com\/?s={search_term_string}"},"query-input":{"@type":"PropertyValueSpecification","valueRequired":true,"valueName":"search_term_string"}}],"inLanguage":"es"},{"@type":"Organization","@id":"https:\/\/higalysos.com\/#organization","name":"Higalysos","url":"https:\/\/higalysos.com\/","logo":{"@type":"ImageObject","inLanguage":"es","@id":"https:\/\/higalysos.com\/#\/schema\/logo\/image\/","url":"https:\/\/higalysos.com\/wp-content\/uploads\/2025\/10\/LOGOTIPO-BLANCO.png","contentUrl":"https:\/\/higalysos.com\/wp-content\/uploads\/2025\/10\/LOGOTIPO-BLANCO.png","width":1266,"height":572,"caption":"Higalysos"},"image":{"@id":"https:\/\/higalysos.com\/#\/schema\/logo\/image\/"}}]}},"_links":{"self":[{"href":"https:\/\/higalysos.com\/index.php?rest_route=\/wp\/v2\/pages\/112","targetHints":{"allow":["GET"]}}],"collection":[{"href":"https:\/\/higalysos.com\/index.php?rest_route=\/wp\/v2\/pages"}],"about":[{"href":"https:\/\/higalysos.com\/index.php?rest_route=\/wp\/v2\/types\/page"}],"author":[{"embeddable":true,"href":"https:\/\/higalysos.com\/index.php?rest_route=\/wp\/v2\/users\/1"}],"replies":[{"embeddable":true,"href":"https:\/\/higalysos.com\/index.php?rest_route=%2Fwp%2Fv2%2Fcomments&post=112"}],"version-history":[{"count":5,"href":"https:\/\/higalysos.com\/index.php?rest_route=\/wp\/v2\/pages\/112\/revisions"}],"predecessor-version":[{"id":580,"href":"https:\/\/higalysos.com\/index.php?rest_route=\/wp\/v2\/pages\/112\/revisions\/580"}],"wp:attachment":[{"href":"https:\/\/higalysos.com\/index.php?rest_route=%2Fwp%2Fv2%2Fmedia&parent=112"}],"curies":[{"name":"wp","href":"https:\/\/api.w.org\/{rel}","templated":true}]}}