{"id":115,"date":"2025-10-02T15:25:23","date_gmt":"2025-10-02T15:25:23","guid":{"rendered":"https:\/\/higalysos.com\/?page_id=115"},"modified":"2025-10-03T11:46:04","modified_gmt":"2025-10-03T11:46:04","slug":"ventajas-competitivas","status":"publish","type":"page","link":"https:\/\/higalysos.com\/?page_id=115","title":{"rendered":"VENTAJAS COMPETITIVAS"},"content":{"rendered":"<div data-colibri-id=\"115-c1\" class=\"style-263 style-local-115-c1 position-relative\">\n  <!---->\n  <div data-colibri-component=\"section\" data-colibri-id=\"115-c2\" id=\"features\" class=\"h-section h-section-global-spacing d-flex align-items-lg-center align-items-md-center align-items-center style-264 style-local-115-c2 position-relative\">\n    <!---->\n    <!---->\n    <div class=\"h-section-grid-container h-section-boxed-container\">\n      <div data-colibri-id=\"115-c22\" class=\"h-row-container gutters-row-lg-2 gutters-row-md-2 gutters-row-2 gutters-row-v-lg-2 gutters-row-v-md-2 gutters-row-v-2 style-272 style-local-115-c22 position-relative\">\n        <!---->\n        <div class=\"h-row justify-content-lg-center justify-content-md-center justify-content-center align-items-lg-stretch align-items-md-stretch align-items-stretch gutters-col-lg-2 gutters-col-md-2 gutters-col-2 gutters-col-v-lg-2 gutters-col-v-md-2 gutters-col-v-2\">\n          <!---->\n          <div class=\"h-column h-column-container d-flex h-col-lg-auto h-col-md-auto h-col-auto style-273-outer style-local-115-c23-outer\">\n            <div data-colibri-id=\"115-c23\" class=\"d-flex h-flex-basis h-column__inner h-px-lg-2 h-px-md-2 h-px-2 v-inner-lg-2 v-inner-md-2 v-inner-2 style-273 style-local-115-c23 position-relative\">\n              <!---->\n              <!---->\n              <div class=\"w-100 h-y-container h-column__content h-column__v-align flex-basis-100 align-self-lg-start align-self-md-start align-self-start\">\n                <!---->\n                <div data-colibri-id=\"115-c25\" class=\"h-lead h-text h-text-component style-275 style-local-115-c25 position-relative h-element\">\n                  <!---->\n                  <!---->\n                  <div class=\"\">\n                    <p>HIGALYSOS Software no es una herramienta m\u00e1s: es la soluci\u00f3n m\u00e1s completa e innovadora del mercado para la gesti\u00f3n de seguridad alimentaria y sostenibilidad.<\/p>\n                  <\/div>\n                <\/div>\n              <\/div>\n            <\/div>\n          <\/div>\n        <\/div>\n      <\/div>\n      <div data-colibri-id=\"115-c3\" class=\"h-row-container gutters-row-lg-2 gutters-row-md-2 gutters-row-2 gutters-row-v-lg-2 gutters-row-v-md-2 gutters-row-v-2 style-265 style-local-115-c3 position-relative\">\n        <!---->\n        <div class=\"h-row justify-content-lg-center justify-content-md-center justify-content-center align-items-lg-stretch align-items-md-stretch align-items-stretch gutters-col-lg-2 gutters-col-md-2 gutters-col-2 gutters-col-v-lg-2 gutters-col-v-md-2 gutters-col-v-2\">\n          <!---->\n          <div class=\"h-column h-column-container d-flex h-col-lg-4 h-col-md-6 h-col-12 style-266-outer style-local-115-c4-outer\">\n            <div data-colibri-id=\"115-c4\" class=\"d-flex h-flex-basis h-column__inner h-px-lg-0 h-px-md-0 h-px-0 v-inner-lg-0 v-inner-md-0 v-inner-0 style-266 style-local-115-c4 position-relative\">\n              <!---->\n              <!---->\n              <div class=\"w-100 h-y-container h-column__content h-column__v-align flex-basis-100 align-self-lg-start align-self-md-start align-self-start\">\n                <!---->\n                <div data-colibri-id=\"115-c5\" class=\"d-block style-267 style-local-115-c5 position-relative h-element\">\n                  <!---->\n                  <div class=\"h-image__frame-container-outer\">\n                    <div class=\"h-image__frame-container\">\n                      <!---->\n                      <!---->\n                      <img fetchpriority=\"high\" decoding=\"async\" width=\"713\" height=\"696\" src=\"https:\/\/higalysos.com\/wp-content\/uploads\/2025\/10\/cropped-DIGITALIZACION-HOSTELERIA.png\" class=\"wp-image-349 style-267-image style-local-115-c5-image\" alt=\"\" srcset=\"https:\/\/higalysos.com\/wp-content\/uploads\/2025\/10\/cropped-DIGITALIZACION-HOSTELERIA.png 713w, https:\/\/higalysos.com\/wp-content\/uploads\/2025\/10\/cropped-DIGITALIZACION-HOSTELERIA-300x293.png 300w\" sizes=\"(max-width: 713px) 100vw, 713px\" \/>\n                      <div class=\"h-image__frame h-hide-lg h-hide-md h-hide-sm style-267-frameImage style-local-115-c5-frameImage\"><\/div>\n                    <\/div>\n                  <\/div>\n                <\/div>\n                <div data-colibri-id=\"115-c6\" class=\"h-global-transition-all h-heading style-268 style-local-115-c6 position-relative h-element\">\n                  <!---->\n                  <div class=\"h-heading__outer style-268 style-local-115-c6\">\n                    <!---->\n                    <!---->\n                    <h4 class=\"\">DIFERENCIAS FRENTE A\n                      <br>M\u00c9TODOS TRADICIONALES<\/h4>\n                  <\/div>\n                <\/div>\n                <div data-colibri-id=\"115-c7\" class=\"h-text h-text-component style-269 style-local-115-c7 position-relative h-element\">\n                  <!---->\n                  <!---->\n                  <div class=\"\">\n                    <ul>\n                      <li>Adi\u00f3s al papel y a las hojas de c\u00e1lculo: todos los registros y controles se digitalizan, eliminando errores manuales y p\u00e9rdidas de informaci\u00f3n.<\/li>\n                      <li>Ahorro de tiempo y recursos: menos horas dedicadas a tareas administrativas, m\u00e1s tiempo para producir, innovar y atender al cliente.<\/li>\n                      <li>Cumplimiento normativo garantizado: toda la documentaci\u00f3n est\u00e1 siempre actualizada y lista para inspecciones, evitando sanciones y riesgos legales.<\/li>\n                      <li>Mayor transparencia y control en tiempo real, frente a registros manuales que se revisan solo de forma puntual.<\/li>\n                    <\/ul>\n                  <\/div>\n                <\/div>\n              <\/div>\n            <\/div>\n          <\/div>\n          <div class=\"h-column h-column-container d-flex h-col-lg-4 h-col-md-6 h-col-12 style-266-outer style-local-115-c10-outer\">\n            <div data-colibri-id=\"115-c10\" class=\"d-flex h-flex-basis h-column__inner h-px-lg-0 h-px-md-0 h-px-0 v-inner-lg-0 v-inner-md-0 v-inner-0 style-266 style-local-115-c10 position-relative\">\n              <!---->\n              <!---->\n              <div class=\"w-100 h-y-container h-column__content h-column__v-align flex-basis-100 align-self-lg-start align-self-md-start align-self-start\">\n                <!---->\n                <div data-colibri-id=\"115-c11\" class=\"d-block style-267 style-local-115-c11 position-relative h-element\">\n                  <!---->\n                  <div class=\"h-image__frame-container-outer\">\n                    <div class=\"h-image__frame-container\">\n                      <!---->\n                      <!---->\n                      <img decoding=\"async\" width=\"628\" height=\"628\" src=\"https:\/\/higalysos.com\/wp-content\/uploads\/2025\/10\/cropped-COMPETENCIA.png\" class=\"wp-image-351 style-267-image style-local-115-c11-image\" alt=\"\" srcset=\"https:\/\/higalysos.com\/wp-content\/uploads\/2025\/10\/cropped-COMPETENCIA.png 628w, https:\/\/higalysos.com\/wp-content\/uploads\/2025\/10\/cropped-COMPETENCIA-300x300.png 300w, https:\/\/higalysos.com\/wp-content\/uploads\/2025\/10\/cropped-COMPETENCIA-150x150.png 150w\" sizes=\"(max-width: 628px) 100vw, 628px\" \/>\n                      <div class=\"h-image__frame h-hide-lg h-hide-md h-hide-sm style-267-frameImage style-local-115-c11-frameImage\"><\/div>\n                    <\/div>\n                  <\/div>\n                <\/div>\n                <div data-colibri-id=\"115-c12\" class=\"h-global-transition-all h-heading style-268 style-local-115-c12 position-relative h-element\">\n                  <!---->\n                  <div class=\"h-heading__outer style-268 style-local-115-c12\">\n                    <!---->\n                    <!---->\n                    <h4 class=\"\">DIFERENCIAS FRENTE A\n                      <br>OTROS SOFTWARES PARCIALES<\/h4>\n                  <\/div>\n                <\/div>\n                <div data-colibri-id=\"115-c13\" class=\"h-text h-text-component style-269 style-local-115-c13 position-relative h-element\">\n                  <!---->\n                  <!---->\n                  <div class=\"\">\n                    <ul>\n                      <li>De los pocos programas que hay en el sector se enfocan \u00fanicamente en un aspecto: control de stock, trazabilidad o gesti\u00f3n documental.<\/li>\n                      <li>HIGALYSOS integra todos los procesos en una sola plataforma, evitando duplicidades, errores de traspaso de datos y la necesidad de manejar m\u00faltiples aplicaciones.<\/li>\n                      <li>Ofrece un enfoque 360\u00ba en seguridad alimentaria y sostenibilidad, desde la cocina hasta la direcci\u00f3n y los organismos de control.<\/li>\n                    <\/ul>\n                  <\/div>\n                <\/div>\n              <\/div>\n            <\/div>\n          <\/div>\n          <div class=\"h-column h-column-container d-flex h-col-lg-4 h-col-md-6 h-col-12 style-266-outer style-local-115-c16-outer\">\n            <div data-colibri-id=\"115-c16\" class=\"d-flex h-flex-basis h-column__inner h-px-lg-0 h-px-md-0 h-px-0 v-inner-lg-0 v-inner-md-0 v-inner-0 style-266 style-local-115-c16 position-relative\">\n              <!---->\n              <!---->\n              <div class=\"w-100 h-y-container h-column__content h-column__v-align flex-basis-100 align-self-lg-start align-self-md-start align-self-start\">\n                <!---->\n                <div data-colibri-id=\"115-c17\" class=\"d-block style-267 style-local-115-c17 position-relative h-element\">\n                  <!---->\n                  <div class=\"h-image__frame-container-outer\">\n                    <div class=\"h-image__frame-container\">\n                      <!---->\n                      <!---->\n                      <img decoding=\"async\" width=\"1541\" height=\"1541\" src=\"https:\/\/higalysos.com\/wp-content\/uploads\/2025\/10\/cropped-INNOVACION.jpg\" class=\"wp-image-353 style-267-image style-local-115-c17-image\" alt=\"\" srcset=\"https:\/\/higalysos.com\/wp-content\/uploads\/2025\/10\/cropped-INNOVACION.jpg 1541w, https:\/\/higalysos.com\/wp-content\/uploads\/2025\/10\/cropped-INNOVACION-300x300.jpg 300w, https:\/\/higalysos.com\/wp-content\/uploads\/2025\/10\/cropped-INNOVACION-1024x1024.jpg 1024w, https:\/\/higalysos.com\/wp-content\/uploads\/2025\/10\/cropped-INNOVACION-150x150.jpg 150w, https:\/\/higalysos.com\/wp-content\/uploads\/2025\/10\/cropped-INNOVACION-768x768.jpg 768w, https:\/\/higalysos.com\/wp-content\/uploads\/2025\/10\/cropped-INNOVACION-1536x1536.jpg 1536w\" sizes=\"(max-width: 1541px) 100vw, 1541px\" \/>\n                      <div class=\"h-image__frame h-hide-lg h-hide-md h-hide-sm style-267-frameImage style-local-115-c17-frameImage\"><\/div>\n                    <\/div>\n                  <\/div>\n                <\/div>\n                <div data-colibri-id=\"115-c18\" class=\"h-global-transition-all h-heading style-268 style-local-115-c18 position-relative h-element\">\n                  <!---->\n                  <div class=\"h-heading__outer style-268 style-local-115-c18\">\n                    <!---->\n                    <!---->\n                    <h4 class=\"\">INNOVACIONES \u00daNICAS\n                      <br>DE HIGALYSOS<\/h4>\n                  <\/div>\n                <\/div>\n                <div data-colibri-id=\"115-c19\" class=\"h-text h-text-component style-269 style-local-115-c19 position-relative h-element\">\n                  <!---->\n                  <!---->\n                  <div class=\"\">\n                    <ul>\n                      <li>Trazabilidad inversa: un sistema pionero que permite rastrear un plato final hasta cada lote de materia prima utilizado.<\/li>\n                      <li>Integraci\u00f3n total con IA y IoT:<\/li>\n                      <li class=\"ql-indent-1\">IA para capturar autom\u00e1ticamente datos de facturas y albaranes.<\/li>\n                      <li class=\"ql-indent-1\">IoT para registrar sin intervenci\u00f3n humana par\u00e1metros cr\u00edticos como la temperatura de c\u00e1maras frigor\u00edficas.<\/li>\n                      <li>Facilidad de uso: interfaz intuitiva, multiplataforma (PC, tablet, m\u00f3vil), pensada para que cualquier usuario pueda adoptarla sin complicaciones.<\/li>\n                      <li>Automatizaci\u00f3n inteligente de procesos y tareas, que asigna responsabilidades y hace seguimiento en tiempo real.<\/li>\n                    <\/ul>\n                  <\/div>\n                <\/div>\n              <\/div>\n            <\/div>\n          <\/div>\n        <\/div>\n      <\/div>\n    <\/div>\n  <\/div>\n  <div data-colibri-component=\"section\" data-colibri-id=\"115-c30\" id=\"custom\" class=\"h-section h-section-global-spacing d-flex align-items-lg-center align-items-md-center align-items-center style-280 style-local-115-c30 position-relative\">\n    <!---->\n    <!---->\n    <div class=\"h-section-grid-container h-section-boxed-container\">\n      <!---->\n      <div data-colibri-id=\"115-c31\" class=\"h-row-container gutters-row-lg-2 gutters-row-md-2 gutters-row-0 gutters-row-v-lg-2 gutters-row-v-md-2 gutters-row-v-2 style-281 style-local-115-c31 position-relative\">\n        <!---->\n        <div class=\"h-row justify-content-lg-center justify-content-md-center justify-content-center align-items-lg-stretch align-items-md-stretch align-items-stretch gutters-col-lg-2 gutters-col-md-2 gutters-col-0 gutters-col-v-lg-2 gutters-col-v-md-2 gutters-col-v-2\">\n          <!---->\n          <div class=\"h-column h-column-container d-flex h-col-lg-auto h-col-md-auto h-col-auto style-282-outer style-local-115-c32-outer\">\n            <div data-colibri-id=\"115-c32\" class=\"d-flex h-flex-basis h-column__inner h-px-lg-2 h-px-md-2 h-px-2 v-inner-lg-2 v-inner-md-2 v-inner-2 style-282 style-local-115-c32 position-relative\">\n              <!---->\n              <!---->\n              <div class=\"w-100 h-y-container h-column__content h-column__v-align flex-basis-100 align-self-lg-start align-self-md-start align-self-start\">\n                <!---->\n                <div data-colibri-id=\"115-c33\" class=\"h-text h-text-component style-283 style-local-115-c33 position-relative h-element\">\n                  <!---->\n                  <!---->\n                  <div class=\"\">\n                    <p><span style=\"font-weight: 300; font-size: 20px; font-family: &quot;Open Sans&quot;; color: rgb(0, 0, 0);\">Con estas ventajas, HIGALYSOS no solo cumple con las exigencias del presente, sino que prepara a los negocios para el futuro de la gesti\u00f3n alimentaria y sostenible, convirti\u00e9ndose en un aliado estrat\u00e9gico para crecer con seguridad y confianza.<\/span><\/p>\n                  <\/div>\n                <\/div>\n              <\/div>\n            <\/div>\n          <\/div>\n        <\/div>\n      <\/div>\n    <\/div>\n  <\/div>\n<\/div>","protected":false},"excerpt":{"rendered":"<p>HIGALYSOS Software no es una herramienta m\u00e1s: es la soluci\u00f3n m\u00e1s completa e innovadora del mercado para la gesti\u00f3n de seguridad alimentaria y sostenibilidad. DIFERENCIAS FRENTE A M\u00c9TODOS TRADICIONALES Adi\u00f3s al papel y a las hojas de c\u00e1lculo: todos los registros y controles se digitalizan, eliminando errores manuales y p\u00e9rdidas de informaci\u00f3n. Ahorro de tiempo [&hellip;]<\/p>\n","protected":false},"author":1,"featured_media":0,"parent":0,"menu_order":0,"comment_status":"closed","ping_status":"closed","template":"page-templates\/full-width-page.php","meta":{"footnotes":""},"class_list":["post-115","page","type-page","status-publish","hentry"],"yoast_head":"<!-- This site is optimized with the Yoast SEO plugin v27.5 - https:\/\/yoast.com\/product\/yoast-seo-wordpress\/ -->\n<title>VENTAJAS COMPETITIVAS - Higalysos<\/title>\n<meta name=\"robots\" content=\"index, follow, max-snippet:-1, max-image-preview:large, max-video-preview:-1\" \/>\n<link rel=\"canonical\" href=\"https:\/\/higalysos.com\/?page_id=115\" \/>\n<meta property=\"og:locale\" content=\"es_ES\" \/>\n<meta property=\"og:type\" content=\"article\" \/>\n<meta property=\"og:title\" content=\"VENTAJAS COMPETITIVAS - Higalysos\" \/>\n<meta property=\"og:description\" content=\"HIGALYSOS Software no es una herramienta m\u00e1s: es la soluci\u00f3n m\u00e1s completa e innovadora del mercado para la gesti\u00f3n de seguridad alimentaria y sostenibilidad. DIFERENCIAS FRENTE A M\u00c9TODOS TRADICIONALES Adi\u00f3s al papel y a las hojas de c\u00e1lculo: todos los registros y controles se digitalizan, eliminando errores manuales y p\u00e9rdidas de informaci\u00f3n. Ahorro de tiempo [&hellip;]\" \/>\n<meta property=\"og:url\" content=\"https:\/\/higalysos.com\/?page_id=115\" \/>\n<meta property=\"og:site_name\" content=\"Higalysos\" \/>\n<meta property=\"article:modified_time\" content=\"2025-10-03T11:46:04+00:00\" \/>\n<meta property=\"og:image\" content=\"https:\/\/higalysos.com\/wp-content\/uploads\/2025\/10\/cropped-DIGITALIZACION-HOSTELERIA.png\" \/>\n\t<meta property=\"og:image:width\" content=\"713\" \/>\n\t<meta property=\"og:image:height\" content=\"696\" \/>\n\t<meta property=\"og:image:type\" content=\"image\/png\" \/>\n<meta name=\"twitter:card\" content=\"summary_large_image\" \/>\n<meta name=\"twitter:label1\" content=\"Tiempo de lectura\" \/>\n\t<meta name=\"twitter:data1\" content=\"2 minutos\" \/>\n<script type=\"application\/ld+json\" class=\"yoast-schema-graph\">{\"@context\":\"https:\\\/\\\/schema.org\",\"@graph\":[{\"@type\":\"WebPage\",\"@id\":\"https:\\\/\\\/higalysos.com\\\/?page_id=115\",\"url\":\"https:\\\/\\\/higalysos.com\\\/?page_id=115\",\"name\":\"VENTAJAS COMPETITIVAS - Higalysos\",\"isPartOf\":{\"@id\":\"https:\\\/\\\/higalysos.com\\\/#website\"},\"primaryImageOfPage\":{\"@id\":\"https:\\\/\\\/higalysos.com\\\/?page_id=115#primaryimage\"},\"image\":{\"@id\":\"https:\\\/\\\/higalysos.com\\\/?page_id=115#primaryimage\"},\"thumbnailUrl\":\"https:\\\/\\\/higalysos.com\\\/wp-content\\\/uploads\\\/2025\\\/10\\\/cropped-DIGITALIZACION-HOSTELERIA.png\",\"datePublished\":\"2025-10-02T15:25:23+00:00\",\"dateModified\":\"2025-10-03T11:46:04+00:00\",\"breadcrumb\":{\"@id\":\"https:\\\/\\\/higalysos.com\\\/?page_id=115#breadcrumb\"},\"inLanguage\":\"es\",\"potentialAction\":[{\"@type\":\"ReadAction\",\"target\":[\"https:\\\/\\\/higalysos.com\\\/?page_id=115\"]}]},{\"@type\":\"ImageObject\",\"inLanguage\":\"es\",\"@id\":\"https:\\\/\\\/higalysos.com\\\/?page_id=115#primaryimage\",\"url\":\"https:\\\/\\\/higalysos.com\\\/wp-content\\\/uploads\\\/2025\\\/10\\\/cropped-DIGITALIZACION-HOSTELERIA.png\",\"contentUrl\":\"https:\\\/\\\/higalysos.com\\\/wp-content\\\/uploads\\\/2025\\\/10\\\/cropped-DIGITALIZACION-HOSTELERIA.png\",\"width\":713,\"height\":696},{\"@type\":\"BreadcrumbList\",\"@id\":\"https:\\\/\\\/higalysos.com\\\/?page_id=115#breadcrumb\",\"itemListElement\":[{\"@type\":\"ListItem\",\"position\":1,\"name\":\"Portada\",\"item\":\"https:\\\/\\\/higalysos.com\\\/\"},{\"@type\":\"ListItem\",\"position\":2,\"name\":\"VENTAJAS COMPETITIVAS\"}]},{\"@type\":\"WebSite\",\"@id\":\"https:\\\/\\\/higalysos.com\\\/#website\",\"url\":\"https:\\\/\\\/higalysos.com\\\/\",\"name\":\"Higalysos\",\"description\":\"Seguridad Alimentaria y Sostenibilidad\",\"publisher\":{\"@id\":\"https:\\\/\\\/higalysos.com\\\/#organization\"},\"potentialAction\":[{\"@type\":\"SearchAction\",\"target\":{\"@type\":\"EntryPoint\",\"urlTemplate\":\"https:\\\/\\\/higalysos.com\\\/?s={search_term_string}\"},\"query-input\":{\"@type\":\"PropertyValueSpecification\",\"valueRequired\":true,\"valueName\":\"search_term_string\"}}],\"inLanguage\":\"es\"},{\"@type\":\"Organization\",\"@id\":\"https:\\\/\\\/higalysos.com\\\/#organization\",\"name\":\"Higalysos\",\"url\":\"https:\\\/\\\/higalysos.com\\\/\",\"logo\":{\"@type\":\"ImageObject\",\"inLanguage\":\"es\",\"@id\":\"https:\\\/\\\/higalysos.com\\\/#\\\/schema\\\/logo\\\/image\\\/\",\"url\":\"https:\\\/\\\/higalysos.com\\\/wp-content\\\/uploads\\\/2025\\\/10\\\/LOGOTIPO-BLANCO.png\",\"contentUrl\":\"https:\\\/\\\/higalysos.com\\\/wp-content\\\/uploads\\\/2025\\\/10\\\/LOGOTIPO-BLANCO.png\",\"width\":1266,\"height\":572,\"caption\":\"Higalysos\"},\"image\":{\"@id\":\"https:\\\/\\\/higalysos.com\\\/#\\\/schema\\\/logo\\\/image\\\/\"}}]}<\/script>\n<!-- \/ Yoast SEO plugin. -->","yoast_head_json":{"title":"VENTAJAS COMPETITIVAS - Higalysos","robots":{"index":"index","follow":"follow","max-snippet":"max-snippet:-1","max-image-preview":"max-image-preview:large","max-video-preview":"max-video-preview:-1"},"canonical":"https:\/\/higalysos.com\/?page_id=115","og_locale":"es_ES","og_type":"article","og_title":"VENTAJAS COMPETITIVAS - Higalysos","og_description":"HIGALYSOS Software no es una herramienta m\u00e1s: es la soluci\u00f3n m\u00e1s completa e innovadora del mercado para la gesti\u00f3n de seguridad alimentaria y sostenibilidad. DIFERENCIAS FRENTE A M\u00c9TODOS TRADICIONALES Adi\u00f3s al papel y a las hojas de c\u00e1lculo: todos los registros y controles se digitalizan, eliminando errores manuales y p\u00e9rdidas de informaci\u00f3n. Ahorro de tiempo [&hellip;]","og_url":"https:\/\/higalysos.com\/?page_id=115","og_site_name":"Higalysos","article_modified_time":"2025-10-03T11:46:04+00:00","og_image":[{"width":713,"height":696,"url":"https:\/\/higalysos.com\/wp-content\/uploads\/2025\/10\/cropped-DIGITALIZACION-HOSTELERIA.png","type":"image\/png"}],"twitter_card":"summary_large_image","twitter_misc":{"Tiempo de lectura":"2 minutos"},"schema":{"@context":"https:\/\/schema.org","@graph":[{"@type":"WebPage","@id":"https:\/\/higalysos.com\/?page_id=115","url":"https:\/\/higalysos.com\/?page_id=115","name":"VENTAJAS COMPETITIVAS - Higalysos","isPartOf":{"@id":"https:\/\/higalysos.com\/#website"},"primaryImageOfPage":{"@id":"https:\/\/higalysos.com\/?page_id=115#primaryimage"},"image":{"@id":"https:\/\/higalysos.com\/?page_id=115#primaryimage"},"thumbnailUrl":"https:\/\/higalysos.com\/wp-content\/uploads\/2025\/10\/cropped-DIGITALIZACION-HOSTELERIA.png","datePublished":"2025-10-02T15:25:23+00:00","dateModified":"2025-10-03T11:46:04+00:00","breadcrumb":{"@id":"https:\/\/higalysos.com\/?page_id=115#breadcrumb"},"inLanguage":"es","potentialAction":[{"@type":"ReadAction","target":["https:\/\/higalysos.com\/?page_id=115"]}]},{"@type":"ImageObject","inLanguage":"es","@id":"https:\/\/higalysos.com\/?page_id=115#primaryimage","url":"https:\/\/higalysos.com\/wp-content\/uploads\/2025\/10\/cropped-DIGITALIZACION-HOSTELERIA.png","contentUrl":"https:\/\/higalysos.com\/wp-content\/uploads\/2025\/10\/cropped-DIGITALIZACION-HOSTELERIA.png","width":713,"height":696},{"@type":"BreadcrumbList","@id":"https:\/\/higalysos.com\/?page_id=115#breadcrumb","itemListElement":[{"@type":"ListItem","position":1,"name":"Portada","item":"https:\/\/higalysos.com\/"},{"@type":"ListItem","position":2,"name":"VENTAJAS COMPETITIVAS"}]},{"@type":"WebSite","@id":"https:\/\/higalysos.com\/#website","url":"https:\/\/higalysos.com\/","name":"Higalysos","description":"Seguridad Alimentaria y Sostenibilidad","publisher":{"@id":"https:\/\/higalysos.com\/#organization"},"potentialAction":[{"@type":"SearchAction","target":{"@type":"EntryPoint","urlTemplate":"https:\/\/higalysos.com\/?s={search_term_string}"},"query-input":{"@type":"PropertyValueSpecification","valueRequired":true,"valueName":"search_term_string"}}],"inLanguage":"es"},{"@type":"Organization","@id":"https:\/\/higalysos.com\/#organization","name":"Higalysos","url":"https:\/\/higalysos.com\/","logo":{"@type":"ImageObject","inLanguage":"es","@id":"https:\/\/higalysos.com\/#\/schema\/logo\/image\/","url":"https:\/\/higalysos.com\/wp-content\/uploads\/2025\/10\/LOGOTIPO-BLANCO.png","contentUrl":"https:\/\/higalysos.com\/wp-content\/uploads\/2025\/10\/LOGOTIPO-BLANCO.png","width":1266,"height":572,"caption":"Higalysos"},"image":{"@id":"https:\/\/higalysos.com\/#\/schema\/logo\/image\/"}}]}},"_links":{"self":[{"href":"https:\/\/higalysos.com\/index.php?rest_route=\/wp\/v2\/pages\/115","targetHints":{"allow":["GET"]}}],"collection":[{"href":"https:\/\/higalysos.com\/index.php?rest_route=\/wp\/v2\/pages"}],"about":[{"href":"https:\/\/higalysos.com\/index.php?rest_route=\/wp\/v2\/types\/page"}],"author":[{"embeddable":true,"href":"https:\/\/higalysos.com\/index.php?rest_route=\/wp\/v2\/users\/1"}],"replies":[{"embeddable":true,"href":"https:\/\/higalysos.com\/index.php?rest_route=%2Fwp%2Fv2%2Fcomments&post=115"}],"version-history":[{"count":3,"href":"https:\/\/higalysos.com\/index.php?rest_route=\/wp\/v2\/pages\/115\/revisions"}],"predecessor-version":[{"id":362,"href":"https:\/\/higalysos.com\/index.php?rest_route=\/wp\/v2\/pages\/115\/revisions\/362"}],"wp:attachment":[{"href":"https:\/\/higalysos.com\/index.php?rest_route=%2Fwp%2Fv2%2Fmedia&parent=115"}],"curies":[{"name":"wp","href":"https:\/\/api.w.org\/{rel}","templated":true}]}}