{"id":260,"date":"2025-10-02T17:26:01","date_gmt":"2025-10-02T17:26:01","guid":{"rendered":"https:\/\/higalysos.com\/?page_id=260"},"modified":"2025-10-06T08:04:53","modified_gmt":"2025-10-06T08:04:53","slug":"valores-empresariales","status":"publish","type":"page","link":"https:\/\/higalysos.com\/?page_id=260","title":{"rendered":"VALORES EMPRESARIALES"},"content":{"rendered":"<div data-colibri-id=\"260-c1\" class=\"style-235 style-local-260-c1 position-relative\">\n  <!---->\n  <div data-colibri-component=\"section\" data-colibri-id=\"260-c2\" id=\"content\" class=\"h-section h-section-global-spacing d-flex align-items-lg-center align-items-md-center align-items-center style-236 style-local-260-c2 position-relative\">\n    <!---->\n    <!---->\n    <div class=\"h-section-grid-container h-section-fluid-container\">\n      <!---->\n      <div data-colibri-id=\"260-c3\" class=\"h-row-container gutters-row-lg-0 gutters-row-md-0 gutters-row-2 gutters-row-v-lg-0 gutters-row-v-md-0 gutters-row-v-2 style-237 style-local-260-c3 position-relative\">\n        <!---->\n        <div class=\"h-row justify-content-lg-center justify-content-md-center justify-content-center align-items-lg-stretch align-items-md-stretch align-items-stretch gutters-col-lg-0 gutters-col-md-0 gutters-col-2 gutters-col-v-lg-0 gutters-col-v-md-0 gutters-col-v-2\">\n          <!---->\n          <div class=\"h-column h-column-container d-flex h-col-lg-auto h-col-md-auto h-col-auto style-238-outer style-local-260-c4-outer\">\n            <div data-colibri-id=\"260-c4\" class=\"d-flex h-flex-basis h-column__inner h-px-lg-0 h-px-md-0 h-px-0 v-inner-lg-0 v-inner-md-0 v-inner-0 style-238 style-local-260-c4 position-relative\">\n              <!---->\n              <!---->\n              <div class=\"w-100 h-y-container h-column__content h-column__v-align flex-basis-100 align-self-lg-start align-self-md-start align-self-start\">\n                <!---->\n                <div data-colibri-id=\"260-c5\" class=\"h-global-transition-all h-heading style-239 style-local-260-c5 position-relative h-element\">\n                  <!---->\n                  <div class=\"h-heading__outer style-239 style-local-260-c5\">\n                    <!---->\n                    <!---->\n                    <h4 class=\"\">VALORES EMPRESARIALES<\/h4>\n                  <\/div>\n                <\/div>\n                <div data-colibri-id=\"260-c6\" class=\"h-text h-text-component style-241 style-local-260-c6 position-relative h-element\">\n                  <!---->\n                  <!---->\n                  <div class=\"\">\n                    <p>En <strong>HIGALYSOS Software<\/strong> creemos que la tecnolog\u00eda debe estar al servicio de las personas, la seguridad y el planeta. Nuestro trabajo se gu\u00eda por principios s\u00f3lidos que garantizan la excelencia, la innovaci\u00f3n y el compromiso\n                      con un futuro m\u00e1s sostenible. Cada decisi\u00f3n, desarrollo y mejora nace de nuestros valores: responsabilidad, transparencia y respeto hacia quienes conf\u00edan en nosotros.<\/p>\n                  <\/div>\n                <\/div>\n                <div data-colibri-id=\"260-c7\" class=\"h-row-container gutters-row-lg-2 gutters-row-md-2 gutters-row-0 gutters-row-v-lg-2 gutters-row-v-md-2 gutters-row-v-0 style-242 style-local-260-c7 position-relative\">\n                  <!---->\n                  <div class=\"h-row justify-content-lg-center justify-content-md-center justify-content-center align-items-lg-stretch align-items-md-stretch align-items-stretch gutters-col-lg-2 gutters-col-md-2 gutters-col-0 gutters-col-v-lg-2 gutters-col-v-md-2 gutters-col-v-0\">\n                    <!---->\n                    <div class=\"h-column h-column-container d-flex h-col-lg-6 h-col-md-6 h-col-6 style-243-outer style-local-260-c8-outer\">\n                      <div data-colibri-id=\"260-c8\" class=\"d-flex h-flex-basis h-column__inner h-px-lg-0 h-px-md-0 h-px-0 v-inner-lg-0 v-inner-md-0 v-inner-0 style-243 style-local-260-c8 position-relative\">\n                        <!---->\n                        <!---->\n                        <div class=\"w-100 h-y-container h-column__content h-column__v-align flex-basis-100 align-self-lg-start align-self-md-start align-self-start\">\n                          <!---->\n                          <div data-colibri-id=\"260-c9\" class=\"h-global-transition-all h-heading style-244 style-local-260-c9 position-relative h-element\">\n                            <!---->\n                            <div class=\"h-heading__outer style-244 style-local-260-c9\">\n                              <!---->\n                              <!---->\n                              <h5 class=\"\">INNOVACI\u00d3N CON PROP\u00d3SITO<\/h5>\n                            <\/div>\n                          <\/div>\n                          <div data-colibri-id=\"260-c10\" class=\"h-text h-text-component style-245 style-local-260-c10 position-relative h-element\">\n                            <!---->\n                            <!---->\n                            <div class=\"\">\n                              <p>No innovamos por moda, sino para resolver problemas reales. La IA, el IoT y la automatizaci\u00f3n est\u00e1n al servicio de la seguridad y la sostenibilidad.<\/p>\n                            <\/div>\n                          <\/div>\n                        <\/div>\n                      <\/div>\n                    <\/div>\n                    <div class=\"h-column h-column-container d-flex h-col-lg-6 h-col-md-6 h-col-6 style-243-outer style-local-260-c11-outer\">\n                      <div data-colibri-id=\"260-c11\" class=\"d-flex h-flex-basis h-column__inner h-px-lg-0 h-px-md-0 h-px-0 v-inner-lg-0 v-inner-md-0 v-inner-0 style-243 style-local-260-c11 position-relative\">\n                        <!---->\n                        <!---->\n                        <div class=\"w-100 h-y-container h-column__content h-column__v-align flex-basis-100 align-self-lg-start align-self-md-start align-self-start\">\n                          <!---->\n                          <div data-colibri-id=\"260-c12\" class=\"h-global-transition-all h-heading style-244 style-local-260-c12 position-relative h-element\">\n                            <!---->\n                            <div class=\"h-heading__outer style-244 style-local-260-c12\">\n                              <!---->\n                              <!---->\n                              <h5 class=\"\">EXCELENCIA Y EXPERIENCIA<\/h5>\n                            <\/div>\n                          <\/div>\n                          <div data-colibri-id=\"260-c13\" class=\"h-text h-text-component style-245 style-local-260-c13 position-relative h-element\">\n                            <!---->\n                            <!---->\n                            <div class=\"\">\n                              <p>Nos respalda un equipo multidisciplinar con d\u00e9cadas de experiencia. Nos comprometemos con la calidad y la solidez en cada soluci\u00f3n.<\/p>\n                            <\/div>\n                          <\/div>\n                        <\/div>\n                      <\/div>\n                    <\/div>\n                    <div class=\"h-column h-column-container d-flex h-col-lg-6 h-col-md-6 h-col-6 style-243-outer style-local-260-c14-outer\">\n                      <div data-colibri-id=\"260-c14\" class=\"d-flex h-flex-basis h-column__inner h-px-lg-0 h-px-md-0 h-px-0 v-inner-lg-0 v-inner-md-0 v-inner-0 style-243 style-local-260-c14 position-relative\">\n                        <!---->\n                        <!---->\n                        <div class=\"w-100 h-y-container h-column__content h-column__v-align flex-basis-100 align-self-lg-start align-self-md-start align-self-start\">\n                          <!---->\n                          <div data-colibri-id=\"260-c15\" class=\"h-global-transition-all h-heading style-244 style-local-260-c15 position-relative h-element\">\n                            <!---->\n                            <div class=\"h-heading__outer style-244 style-local-260-c15\">\n                              <!---->\n                              <!---->\n                              <h5 class=\"\">SOSTENIBILIDAD INTEGRAL<\/h5>\n                            <\/div>\n                          <\/div>\n                          <div data-colibri-id=\"260-c16\" class=\"h-text h-text-component style-245 style-local-260-c16 position-relative h-element\">\n                            <!---->\n                            <!---->\n                            <div class=\"\">\n                              <p>Creemos que la rentabilidad y la responsabilidad medioambiental deben ir de la mano. Integramos la sostenibilidad en el n\u00facleo de la operativa empresarial.<\/p>\n                            <\/div>\n                          <\/div>\n                        <\/div>\n                      <\/div>\n                    <\/div>\n                    <div class=\"h-column h-column-container d-flex h-col-lg-6 h-col-md-6 h-col-6 style-243-outer style-local-260-c17-outer\">\n                      <div data-colibri-id=\"260-c17\" class=\"d-flex h-flex-basis h-column__inner h-px-lg-0 h-px-md-0 h-px-0 v-inner-lg-0 v-inner-md-0 v-inner-0 style-243 style-local-260-c17 position-relative\">\n                        <!---->\n                        <!---->\n                        <div class=\"w-100 h-y-container h-column__content h-column__v-align flex-basis-100 align-self-lg-start align-self-md-start align-self-start\">\n                          <!---->\n                          <div data-colibri-id=\"260-c18\" class=\"h-global-transition-all h-heading style-244 style-local-260-c18 position-relative h-element\">\n                            <!---->\n                            <div class=\"h-heading__outer style-244 style-local-260-c18\">\n                              <!---->\n                              <!---->\n                              <h5 class=\"\">ORIENTACI\u00d3N AL CLIENTE<\/h5>\n                            <\/div>\n                          <\/div>\n                          <div data-colibri-id=\"260-c19\" class=\"h-text h-text-component style-245 style-local-260-c19 position-relative h-element\">\n                            <!---->\n                            <!---->\n                            <div class=\"\">\n                              <p>Escuchamos al sector. Nuestras soluciones nacen de entender sus desaf\u00edos y est\u00e1n dise\u00f1adas para ser intuitivas y accesibles para todos los perfiles.<\/p>\n                            <\/div>\n                          <\/div>\n                        <\/div>\n                      <\/div>\n                    <\/div>\n                  <\/div>\n                <\/div>\n              <\/div>\n            <\/div>\n          <\/div>\n          <div class=\"h-column h-column-container d-flex h-col-lg-auto h-col-md-auto h-col-auto style-246-outer style-local-260-c20-outer\">\n            <div data-colibri-id=\"260-c20\" class=\"d-flex h-flex-basis h-column__inner h-ui-empty-state-container h-px-lg-0 h-px-md-0 h-px-0 v-inner-lg-0 v-inner-md-0 v-inner-0 style-246 style-local-260-c20 position-relative\">\n              <!---->\n              <!---->\n              <div class=\"w-100 h-y-container h-column__content h-column__v-align flex-basis-100\">\n                <!---->\n              <\/div>\n            <\/div>\n          <\/div>\n        <\/div>\n      <\/div>\n    <\/div>\n  <\/div>\n<\/div>","protected":false},"excerpt":{"rendered":"<p>VALORES EMPRESARIALES En HIGALYSOS Software creemos que la tecnolog\u00eda debe estar al servicio de las personas, la seguridad y el planeta. Nuestro trabajo se gu\u00eda por principios s\u00f3lidos que garantizan la excelencia, la innovaci\u00f3n y el compromiso con un futuro m\u00e1s sostenible. Cada decisi\u00f3n, desarrollo y mejora nace de nuestros valores: responsabilidad, transparencia y respeto [&hellip;]<\/p>\n","protected":false},"author":1,"featured_media":0,"parent":0,"menu_order":0,"comment_status":"closed","ping_status":"closed","template":"page-templates\/full-width-page.php","meta":{"footnotes":""},"class_list":["post-260","page","type-page","status-publish","hentry"],"yoast_head":"<!-- This site is optimized with the Yoast SEO plugin v27.5 - https:\/\/yoast.com\/product\/yoast-seo-wordpress\/ -->\n<title>VALORES EMPRESARIALES - Higalysos<\/title>\n<meta name=\"robots\" content=\"index, follow, max-snippet:-1, max-image-preview:large, max-video-preview:-1\" \/>\n<link rel=\"canonical\" href=\"https:\/\/higalysos.com\/?page_id=260\" \/>\n<meta property=\"og:locale\" content=\"es_ES\" \/>\n<meta property=\"og:type\" content=\"article\" \/>\n<meta property=\"og:title\" content=\"VALORES EMPRESARIALES - Higalysos\" \/>\n<meta property=\"og:description\" content=\"VALORES EMPRESARIALES En HIGALYSOS Software creemos que la tecnolog\u00eda debe estar al servicio de las personas, la seguridad y el planeta. Nuestro trabajo se gu\u00eda por principios s\u00f3lidos que garantizan la excelencia, la innovaci\u00f3n y el compromiso con un futuro m\u00e1s sostenible. Cada decisi\u00f3n, desarrollo y mejora nace de nuestros valores: responsabilidad, transparencia y respeto [&hellip;]\" \/>\n<meta property=\"og:url\" content=\"https:\/\/higalysos.com\/?page_id=260\" \/>\n<meta property=\"og:site_name\" content=\"Higalysos\" \/>\n<meta property=\"article:modified_time\" content=\"2025-10-06T08:04:53+00:00\" \/>\n<meta name=\"twitter:card\" content=\"summary_large_image\" \/>\n<meta name=\"twitter:label1\" content=\"Tiempo de lectura\" \/>\n\t<meta name=\"twitter:data1\" content=\"1 minuto\" \/>\n<script type=\"application\/ld+json\" class=\"yoast-schema-graph\">{\"@context\":\"https:\\\/\\\/schema.org\",\"@graph\":[{\"@type\":\"WebPage\",\"@id\":\"https:\\\/\\\/higalysos.com\\\/?page_id=260\",\"url\":\"https:\\\/\\\/higalysos.com\\\/?page_id=260\",\"name\":\"VALORES EMPRESARIALES - Higalysos\",\"isPartOf\":{\"@id\":\"https:\\\/\\\/higalysos.com\\\/#website\"},\"datePublished\":\"2025-10-02T17:26:01+00:00\",\"dateModified\":\"2025-10-06T08:04:53+00:00\",\"breadcrumb\":{\"@id\":\"https:\\\/\\\/higalysos.com\\\/?page_id=260#breadcrumb\"},\"inLanguage\":\"es\",\"potentialAction\":[{\"@type\":\"ReadAction\",\"target\":[\"https:\\\/\\\/higalysos.com\\\/?page_id=260\"]}]},{\"@type\":\"BreadcrumbList\",\"@id\":\"https:\\\/\\\/higalysos.com\\\/?page_id=260#breadcrumb\",\"itemListElement\":[{\"@type\":\"ListItem\",\"position\":1,\"name\":\"Portada\",\"item\":\"https:\\\/\\\/higalysos.com\\\/\"},{\"@type\":\"ListItem\",\"position\":2,\"name\":\"VALORES EMPRESARIALES\"}]},{\"@type\":\"WebSite\",\"@id\":\"https:\\\/\\\/higalysos.com\\\/#website\",\"url\":\"https:\\\/\\\/higalysos.com\\\/\",\"name\":\"Higalysos\",\"description\":\"Seguridad Alimentaria y Sostenibilidad\",\"publisher\":{\"@id\":\"https:\\\/\\\/higalysos.com\\\/#organization\"},\"potentialAction\":[{\"@type\":\"SearchAction\",\"target\":{\"@type\":\"EntryPoint\",\"urlTemplate\":\"https:\\\/\\\/higalysos.com\\\/?s={search_term_string}\"},\"query-input\":{\"@type\":\"PropertyValueSpecification\",\"valueRequired\":true,\"valueName\":\"search_term_string\"}}],\"inLanguage\":\"es\"},{\"@type\":\"Organization\",\"@id\":\"https:\\\/\\\/higalysos.com\\\/#organization\",\"name\":\"Higalysos\",\"url\":\"https:\\\/\\\/higalysos.com\\\/\",\"logo\":{\"@type\":\"ImageObject\",\"inLanguage\":\"es\",\"@id\":\"https:\\\/\\\/higalysos.com\\\/#\\\/schema\\\/logo\\\/image\\\/\",\"url\":\"https:\\\/\\\/higalysos.com\\\/wp-content\\\/uploads\\\/2025\\\/10\\\/LOGOTIPO-BLANCO.png\",\"contentUrl\":\"https:\\\/\\\/higalysos.com\\\/wp-content\\\/uploads\\\/2025\\\/10\\\/LOGOTIPO-BLANCO.png\",\"width\":1266,\"height\":572,\"caption\":\"Higalysos\"},\"image\":{\"@id\":\"https:\\\/\\\/higalysos.com\\\/#\\\/schema\\\/logo\\\/image\\\/\"}}]}<\/script>\n<!-- \/ Yoast SEO plugin. -->","yoast_head_json":{"title":"VALORES EMPRESARIALES - Higalysos","robots":{"index":"index","follow":"follow","max-snippet":"max-snippet:-1","max-image-preview":"max-image-preview:large","max-video-preview":"max-video-preview:-1"},"canonical":"https:\/\/higalysos.com\/?page_id=260","og_locale":"es_ES","og_type":"article","og_title":"VALORES EMPRESARIALES - Higalysos","og_description":"VALORES EMPRESARIALES En HIGALYSOS Software creemos que la tecnolog\u00eda debe estar al servicio de las personas, la seguridad y el planeta. Nuestro trabajo se gu\u00eda por principios s\u00f3lidos que garantizan la excelencia, la innovaci\u00f3n y el compromiso con un futuro m\u00e1s sostenible. Cada decisi\u00f3n, desarrollo y mejora nace de nuestros valores: responsabilidad, transparencia y respeto [&hellip;]","og_url":"https:\/\/higalysos.com\/?page_id=260","og_site_name":"Higalysos","article_modified_time":"2025-10-06T08:04:53+00:00","twitter_card":"summary_large_image","twitter_misc":{"Tiempo de lectura":"1 minuto"},"schema":{"@context":"https:\/\/schema.org","@graph":[{"@type":"WebPage","@id":"https:\/\/higalysos.com\/?page_id=260","url":"https:\/\/higalysos.com\/?page_id=260","name":"VALORES EMPRESARIALES - Higalysos","isPartOf":{"@id":"https:\/\/higalysos.com\/#website"},"datePublished":"2025-10-02T17:26:01+00:00","dateModified":"2025-10-06T08:04:53+00:00","breadcrumb":{"@id":"https:\/\/higalysos.com\/?page_id=260#breadcrumb"},"inLanguage":"es","potentialAction":[{"@type":"ReadAction","target":["https:\/\/higalysos.com\/?page_id=260"]}]},{"@type":"BreadcrumbList","@id":"https:\/\/higalysos.com\/?page_id=260#breadcrumb","itemListElement":[{"@type":"ListItem","position":1,"name":"Portada","item":"https:\/\/higalysos.com\/"},{"@type":"ListItem","position":2,"name":"VALORES EMPRESARIALES"}]},{"@type":"WebSite","@id":"https:\/\/higalysos.com\/#website","url":"https:\/\/higalysos.com\/","name":"Higalysos","description":"Seguridad Alimentaria y Sostenibilidad","publisher":{"@id":"https:\/\/higalysos.com\/#organization"},"potentialAction":[{"@type":"SearchAction","target":{"@type":"EntryPoint","urlTemplate":"https:\/\/higalysos.com\/?s={search_term_string}"},"query-input":{"@type":"PropertyValueSpecification","valueRequired":true,"valueName":"search_term_string"}}],"inLanguage":"es"},{"@type":"Organization","@id":"https:\/\/higalysos.com\/#organization","name":"Higalysos","url":"https:\/\/higalysos.com\/","logo":{"@type":"ImageObject","inLanguage":"es","@id":"https:\/\/higalysos.com\/#\/schema\/logo\/image\/","url":"https:\/\/higalysos.com\/wp-content\/uploads\/2025\/10\/LOGOTIPO-BLANCO.png","contentUrl":"https:\/\/higalysos.com\/wp-content\/uploads\/2025\/10\/LOGOTIPO-BLANCO.png","width":1266,"height":572,"caption":"Higalysos"},"image":{"@id":"https:\/\/higalysos.com\/#\/schema\/logo\/image\/"}}]}},"_links":{"self":[{"href":"https:\/\/higalysos.com\/index.php?rest_route=\/wp\/v2\/pages\/260","targetHints":{"allow":["GET"]}}],"collection":[{"href":"https:\/\/higalysos.com\/index.php?rest_route=\/wp\/v2\/pages"}],"about":[{"href":"https:\/\/higalysos.com\/index.php?rest_route=\/wp\/v2\/types\/page"}],"author":[{"embeddable":true,"href":"https:\/\/higalysos.com\/index.php?rest_route=\/wp\/v2\/users\/1"}],"replies":[{"embeddable":true,"href":"https:\/\/higalysos.com\/index.php?rest_route=%2Fwp%2Fv2%2Fcomments&post=260"}],"version-history":[{"count":3,"href":"https:\/\/higalysos.com\/index.php?rest_route=\/wp\/v2\/pages\/260\/revisions"}],"predecessor-version":[{"id":545,"href":"https:\/\/higalysos.com\/index.php?rest_route=\/wp\/v2\/pages\/260\/revisions\/545"}],"wp:attachment":[{"href":"https:\/\/higalysos.com\/index.php?rest_route=%2Fwp%2Fv2%2Fmedia&parent=260"}],"curies":[{"name":"wp","href":"https:\/\/api.w.org\/{rel}","templated":true}]}}